{"id":57024,"date":"2020-12-02T07:58:50","date_gmt":"2020-12-02T07:58:50","guid":{"rendered":"https:\/\/eski.webadresim.com.tr\/?page_id=57024"},"modified":"2021-09-24T14:11:50","modified_gmt":"2021-09-24T14:11:50","slug":"bizden-haberler","status":"publish","type":"page","link":"https:\/\/eski.webadresim.com.tr\/en_US\/bizden-haberler\/","title":{"rendered":"News From Us"},"content":{"rendered":"<p>[vc_column][\/vc_column][vc_row][vc_column]<style type=\"text\/css\" data-type=\"the7_shortcodes-inline-css\">.blog-shortcode.blog-list-shortcode-id-7ac14ea5d94bfcced39b438ec1fe4077.dividers-on.classic-layout-list article {\n  margin-top: 50px;\n  padding-top: 0;\n}\n.blog-shortcode.blog-list-shortcode-id-7ac14ea5d94bfcced39b438ec1fe4077.dividers-on.classic-layout-list article:first-of-type {\n  margin-top: 0;\n  padding-top: 0;\n}\n.blog-shortcode.blog-list-shortcode-id-7ac14ea5d94bfcced39b438ec1fe4077.classic-layout-list.mode-list .post-thumbnail-wrap {\n  width: 50%;\n}\n.blog-shortcode.blog-list-shortcode-id-7ac14ea5d94bfcced39b438ec1fe4077.classic-layout-list.mode-list .post-entry-content {\n  width: calc(100% - 50%);\n}\n.blog-shortcode.blog-list-shortcode-id-7ac14ea5d94bfcced39b438ec1fe4077.classic-layout-list.mode-list .no-img .post-entry-content {\n  width: 100%;\n}\n.blog-shortcode.blog-list-shortcode-id-7ac14ea5d94bfcced39b438ec1fe4077 .filter-bg-decoration .filter-categories a.act {\n  color: #fff;\n}\n.blog-shortcode.blog-list-shortcode-id-7ac14ea5d94bfcced39b438ec1fe4077:not(.mode-masonry) article {\n  margin-top: 50px;\n}\n.blog-shortcode.blog-list-shortcode-id-7ac14ea5d94bfcced39b438ec1fe4077:not(.mode-masonry) article:first-of-type,\n.blog-shortcode.blog-list-shortcode-id-7ac14ea5d94bfcced39b438ec1fe4077:not(.mode-masonry) article.visible.first:not(.product) {\n  margin-top: 0;\n}\n.blog-shortcode.blog-list-shortcode-id-7ac14ea5d94bfcced39b438ec1fe4077.dividers-on:not(.mode-masonry) article {\n  margin-top: 0;\n  padding-top: 50px;\n}\n.blog-shortcode.blog-list-shortcode-id-7ac14ea5d94bfcced39b438ec1fe4077.dividers-on:not(.mode-masonry) article:first-of-type,\n.blog-shortcode.blog-list-shortcode-id-7ac14ea5d94bfcced39b438ec1fe4077.dividers-on:not(.mode-masonry) article.visible.first:not(.product) {\n  margin-top: 0;\n  padding-top: 0;\n}\n.blog-shortcode.blog-list-shortcode-id-7ac14ea5d94bfcced39b438ec1fe4077 .post-thumbnail-wrap {\n  padding: 0px 0px 0px 0px;\n}\n.blog-shortcode.blog-list-shortcode-id-7ac14ea5d94bfcced39b438ec1fe4077.enable-bg-rollover .post-thumbnail-rollover:after {\n  background: -webkit-linear-gradient();\n  background: linear-gradient();\n}\n.blog-shortcode.blog-list-shortcode-id-7ac14ea5d94bfcced39b438ec1fe4077 .gallery-zoom-ico {\n  width: 44px;\n  height: 44px;\n  line-height: 44px;\n  border-radius: 100px;\n  margin: -22px 0 0 -22px;\n  border-width: 0px;\n  color: #ffffff;\n}\n.bottom-overlap-layout-list.blog-shortcode.blog-list-shortcode-id-7ac14ea5d94bfcced39b438ec1fe4077 .gallery-zoom-ico {\n  margin-top: -22px;\n}\n.gradient-overlay-layout-list.blog-shortcode.blog-list-shortcode-id-7ac14ea5d94bfcced39b438ec1fe4077 .gallery-zoom-ico,\n.content-rollover-layout-list.blog-shortcode.blog-list-shortcode-id-7ac14ea5d94bfcced39b438ec1fe4077 .gallery-zoom-ico {\n  margin: 0 0 10px;\n}\n.content-align-center.gradient-overlay-layout-list.blog-shortcode.blog-list-shortcode-id-7ac14ea5d94bfcced39b438ec1fe4077 .gallery-zoom-ico,\n.content-align-center.content-rollover-layout-list.blog-shortcode.blog-list-shortcode-id-7ac14ea5d94bfcced39b438ec1fe4077 .gallery-zoom-ico {\n  margin: 0 auto 10px;\n}\n.dt-icon-bg-on.blog-shortcode.blog-list-shortcode-id-7ac14ea5d94bfcced39b438ec1fe4077 .gallery-zoom-ico {\n  background: rgba(255,255,255,0.3);\n  box-shadow: none;\n}\n.blog-shortcode.blog-list-shortcode-id-7ac14ea5d94bfcced39b438ec1fe4077 .gallery-zoom-ico > span,\n.blog-shortcode.blog-list-shortcode-id-7ac14ea5d94bfcced39b438ec1fe4077 .gallery-zoom-ico:before {\n  font-size: 32px;\n  line-height: 44px;\n}\n.blog-shortcode.blog-list-shortcode-id-7ac14ea5d94bfcced39b438ec1fe4077 .gallery-zoom-ico > span,\n.blog-shortcode.blog-list-shortcode-id-7ac14ea5d94bfcced39b438ec1fe4077 .gallery-zoom-ico:before {\n  color: #ffffff;\n}\n.blog-shortcode.blog-list-shortcode-id-7ac14ea5d94bfcced39b438ec1fe4077 .fancy-date a {\n  background: #ffffff;\n  box-shadow: none;\n}\n.blog-shortcode.blog-list-shortcode-id-7ac14ea5d94bfcced39b438ec1fe4077 .fancy-date a * {\n  color: #2d2d2d;\n}\n.blog-shortcode.blog-list-shortcode-id-7ac14ea5d94bfcced39b438ec1fe4077 .entry-title,\n.blog-shortcode.blog-list-shortcode-id-7ac14ea5d94bfcced39b438ec1fe4077.owl-carousel .entry-title {\n  margin-bottom: 5px;\n  font-weight: bold;\n}\n.blog-shortcode.blog-list-shortcode-id-7ac14ea5d94bfcced39b438ec1fe4077 .entry-meta {\n  margin-bottom: 15px;\n}\n.blog-shortcode.blog-list-shortcode-id-7ac14ea5d94bfcced39b438ec1fe4077 .portfolio-categories {\n  margin-bottom: 15px;\n}\n.blog-shortcode.blog-list-shortcode-id-7ac14ea5d94bfcced39b438ec1fe4077 .entry-excerpt {\n  margin-bottom: 5px;\n}\n.blog-shortcode.blog-list-shortcode-id-7ac14ea5d94bfcced39b438ec1fe4077:not(.centered-layout-list) .post-entry-content {\n  padding: 25px 30px 30px 30px;\n}\n.blog-shortcode.blog-list-shortcode-id-7ac14ea5d94bfcced39b438ec1fe4077:not(.centered-layout-list):not(.content-bg-on):not(.mode-list) .no-img .post-entry-content {\n  padding: 0;\n}\n@media screen and (max-width: 768px) {\n  .blog-shortcode.blog-list-shortcode-id-7ac14ea5d94bfcced39b438ec1fe4077 article {\n    -ms-flex-flow: column nowrap;\n    flex-flow: column nowrap;\n    margin-top: 20px;\n  }\n  .blog-shortcode.blog-list-shortcode-id-7ac14ea5d94bfcced39b438ec1fe4077.dividers-on article {\n    border: none;\n  }\n  .blog-shortcode.blog-list-shortcode-id-7ac14ea5d94bfcced39b438ec1fe4077.content-bg-on.centered-layout-list article {\n    padding: 0;\n  }\n  .blog-shortcode.blog-list-shortcode-id-7ac14ea5d94bfcced39b438ec1fe4077.blog-shortcode.dividers-on article,\n  .blog-shortcode.blog-list-shortcode-id-7ac14ea5d94bfcced39b438ec1fe4077.dividers-on.classic-layout-list article {\n    margin-top: 20px;\n    padding: 0;\n  }\n  .blog-shortcode.blog-list-shortcode-id-7ac14ea5d94bfcced39b438ec1fe4077.blog-shortcode.dividers-on article:first-of-type,\n  .blog-shortcode.blog-list-shortcode-id-7ac14ea5d94bfcced39b438ec1fe4077.dividers-on.classic-layout-list article:first-of-type {\n    padding: 0;\n  }\n  #page .blog-shortcode.blog-list-shortcode-id-7ac14ea5d94bfcced39b438ec1fe4077 .post-thumbnail-wrap,\n  #page .blog-shortcode.blog-list-shortcode-id-7ac14ea5d94bfcced39b438ec1fe4077 .post-entry-content {\n    width: 100%;\n    margin: 0;\n    top: 0;\n  }\n  #page .blog-shortcode.blog-list-shortcode-id-7ac14ea5d94bfcced39b438ec1fe4077 .post-thumbnail-wrap {\n    padding: 0;\n  }\n  #page .blog-shortcode.blog-list-shortcode-id-7ac14ea5d94bfcced39b438ec1fe4077 .post-entry-content:after {\n    display: none;\n  }\n  #page .blog-shortcode.blog-list-shortcode-id-7ac14ea5d94bfcced39b438ec1fe4077 .project-even .post-thumbnail-wrap,\n  #page .blog-shortcode.blog-list-shortcode-id-7ac14ea5d94bfcced39b438ec1fe4077.centered-layout-list .post-thumbnail-wrap {\n    -ms-flex-order: 0;\n    order: 0;\n  }\n  #page .blog-shortcode.blog-list-shortcode-id-7ac14ea5d94bfcced39b438ec1fe4077.centered-layout-list .post-entry-title-content {\n    -ms-flex-order: 1;\n    order: 1;\n    width: 100%;\n    padding: 20px 20px 0;\n  }\n  #page .blog-shortcode.blog-list-shortcode-id-7ac14ea5d94bfcced39b438ec1fe4077.centered-layout-list .post-entry-content {\n    -ms-flex-order: 2;\n    order: 2;\n    padding-top: 0;\n  }\n  #page .blog-shortcode.blog-list-shortcode-id-7ac14ea5d94bfcced39b438ec1fe4077 .fancy-categories {\n    top: 10px;\n    left: 10px;\n    bottom: auto;\n    right: auto;\n  }\n  #page .blog-shortcode.blog-list-shortcode-id-7ac14ea5d94bfcced39b438ec1fe4077 .fancy-date a {\n    top: 10px;\n    right: 10px;\n    left: auto;\n    bottom: auto;\n  }\n  #page .blog-shortcode.blog-list-shortcode-id-7ac14ea5d94bfcced39b438ec1fe4077 .post-entry-content {\n    padding: 20px;\n  }\n  #page .blog-shortcode.blog-list-shortcode-id-7ac14ea5d94bfcced39b438ec1fe4077 .entry-title {\n    margin: 3px 0 5px;\n    font-size: 20px;\n    line-height: 26px;\n  }\n  #page .blog-shortcode.blog-list-shortcode-id-7ac14ea5d94bfcced39b438ec1fe4077 .entry-meta {\n    margin: 5px 0 5px;\n  }\n  #page .blog-shortcode.blog-list-shortcode-id-7ac14ea5d94bfcced39b438ec1fe4077 .entry-excerpt {\n    margin: 15px 0 0;\n  }\n  #page .blog-shortcode.blog-list-shortcode-id-7ac14ea5d94bfcced39b438ec1fe4077 .post-details {\n    margin: 5px 0 10px;\n  }\n  #page .blog-shortcode.blog-list-shortcode-id-7ac14ea5d94bfcced39b438ec1fe4077 .post-details.details-type-link {\n    margin-bottom: 2px;\n  }\n}\n<\/style><div class=\"articles-list blog-shortcode mode-list blog-list-shortcode-id-7ac14ea5d94bfcced39b438ec1fe4077 classic-layout-list content-bg-on jquery-filter scale-img dt-icon-bg-off loading-effect-fade-in\" data-cur-page=\"1\" data-post-limit=\"-1\" data-pagination-mode=\"none\"><article class=\"post project-odd visible post-177 type-post status-publish format-gallery has-post-thumbnail hentry category-bizden-haberler tag-ads tag-adwords tag-google-ads-google-adwords tag-google-seo tag-seo post_format-post-format-gallery category-52 description-off\" data-name=\"Google Ads Y\u00f6netiminde Yap\u0131lan Hatalar\" data-date=\"2018-11-11T13:15:11+00:00\">\n\n<div class=\"post-thumbnail-wrap\">\n\t<div class=\"post-thumbnail\">\n\n\t\t\n\t\t\n\t\t<a href=\"https:\/\/eski.webadresim.com.tr\/en_US\/2018\/11\/11\/google-ads\/\" class=\"post-thumbnail-rollover layzr-bg layzr-bg\" ><img class=\"blog-thumb-lazy-load preload-me lazy-load\" src=\"data:image\/svg+xml,%3Csvg%20xmlns%3D&#39;http%3A%2F%2Fwww.w3.org%2F2000%2Fsvg&#39;%20viewBox%3D&#39;0%200%20319%20212&#39;%2F%3E\" data-src=\"https:\/\/eski.webadresim.com.tr\/wp-content\/uploads\/2018\/11\/googleadsss-319x212.png\" data-srcset=\"https:\/\/eski.webadresim.com.tr\/wp-content\/uploads\/2018\/11\/googleadsss-319x212.png 319w\" alt=\"\" title=\"google adwords-2\" width=\"319\" height=\"212\"  \/><\/a>\n\t<\/div>\n<\/div>\n\n\n<div class=\"post-entry-content\">\n\n\t<h3 class=\"entry-title\">\n\t\t<a href=\"https:\/\/eski.webadresim.com.tr\/en_US\/2018\/11\/11\/google-ads\/\" title=\"Google Ads Y\u00f6netiminde Yap\u0131lan Hatalar\" rel=\"bookmark\">Google Ads Y\u00f6netiminde Yap\u0131lan Hatalar<\/a>\n\t<\/h3>\n\n\t<div class=\"entry-meta\"><span class=\"category-link\"><a href=\"https:\/\/eski.webadresim.com.tr\/en_US\/category\/bizden-haberler\/\" >Bizden Haberler<\/a><\/span><a class=\"author vcard\" href=\"https:\/\/eski.webadresim.com.tr\/en_US\/author\/weba6858\/\" title=\"View all posts by weba6858\" rel=\"author\">By <span class=\"fn\">weba6858<\/span><\/a><a href=\"https:\/\/eski.webadresim.com.tr\/en_US\/2018\/11\/11\/\" title=\"1:15 pm\" class=\"data-link\" rel=\"bookmark\"><time class=\"entry-date updated\" datetime=\"2018-11-11T13:15:11+00:00\">Kas\u0131m 11, 2018<\/time><\/a><\/div>\n\t<div class=\"entry-excerpt\"><p>Google Ads reklamlar\u0131, internette sat\u0131\u015f yapmak, talep toplamak ya da markas\u0131n\u0131 b\u00fcy\u00fctmek isteyen i\u015fletmelerin\/bireylerin \u00fcr\u00fcnlerini, hizmetlerini ya da kendilerini dijital ortamda kullan\u0131c\u0131lara sunmas\u0131n\u0131 sa\u011flayan en iyi dijital pazarlama kanallar\u0131ndan biridir.<\/p>\n<\/div>\n\t\n<a href=\"https:\/\/eski.webadresim.com.tr\/en_US\/2018\/11\/11\/google-ads\/\" class=\"post-details details-type-link\" aria-label=\"Read more about Google Ads Y\u00f6netiminde Yap\u0131lan Hatalar\">Read more<i class=\"dt-icon-the7-arrow-03\" aria-hidden=\"true\"><\/i><\/a>\n\n<\/div><\/article><article class=\"post project-odd visible post-137 type-post status-publish format-image has-post-thumbnail hentry category-bizden-haberler post_format-post-format-image category-52 description-off\" data-name=\"SEO i\u00e7eri\u011fi mi yoksa Backlink mi?\" data-date=\"2018-10-05T13:25:55+00:00\">\n\n<div class=\"post-thumbnail-wrap\">\n\t<div class=\"post-thumbnail\">\n\n\t\t\n\t\t\n\t\t<a href=\"https:\/\/eski.webadresim.com.tr\/en_US\/2018\/10\/05\/seo-backlink\/\" class=\"post-thumbnail-rollover layzr-bg layzr-bg\" ><img class=\"blog-thumb-lazy-load preload-me lazy-load\" src=\"data:image\/svg+xml,%3Csvg%20xmlns%3D&#39;http%3A%2F%2Fwww.w3.org%2F2000%2Fsvg&#39;%20viewBox%3D&#39;0%200%20319%20212&#39;%2F%3E\" data-src=\"https:\/\/eski.webadresim.com.tr\/wp-content\/uploads\/2018\/10\/seoicerigiiii-319x212.jpeg\" data-srcset=\"https:\/\/eski.webadresim.com.tr\/wp-content\/uploads\/2018\/10\/seoicerigiiii-319x212.jpeg 319w\" alt=\"\" title=\"google analytics\" width=\"319\" height=\"212\"  \/><\/a>\n\t<\/div>\n<\/div>\n\n\n<div class=\"post-entry-content\">\n\n\t<h3 class=\"entry-title\">\n\t\t<a href=\"https:\/\/eski.webadresim.com.tr\/en_US\/2018\/10\/05\/seo-backlink\/\" title=\"SEO i\u00e7eri\u011fi mi yoksa Backlink mi?\" rel=\"bookmark\">SEO i\u00e7eri\u011fi mi yoksa Backlink mi?<\/a>\n\t<\/h3>\n\n\t<div class=\"entry-meta\"><span class=\"category-link\"><a href=\"https:\/\/eski.webadresim.com.tr\/en_US\/category\/bizden-haberler\/\" >Bizden Haberler<\/a><\/span><a class=\"author vcard\" href=\"https:\/\/eski.webadresim.com.tr\/en_US\/author\/weba6858\/\" title=\"View all posts by weba6858\" rel=\"author\">By <span class=\"fn\">weba6858<\/span><\/a><a href=\"https:\/\/eski.webadresim.com.tr\/en_US\/2018\/10\/05\/\" title=\"1:25 pm\" class=\"data-link\" rel=\"bookmark\"><time class=\"entry-date updated\" datetime=\"2018-10-05T13:25:55+00:00\">Ekim 5, 2018<\/time><\/a><\/div>\n\t<div class=\"entry-excerpt\"><p>\u0130yi i\u00e7erik, ziyaret\u00e7inize bir \u00e7\u00f6z\u00fcm sunmal\u0131 ve kendi kendine backlink alabilir kalitede olmal\u0131d\u0131r. Yani sizin i\u00e7eri\u011finiz ger\u00e7ekten iyiyse, insanlar (ve google) bunu ke\u015ffeder ve ger\u00e7ekten iyiyse o i\u00e7eri\u011fe ba\u015fkalar\u0131 ba\u011flant\u0131 verir.<\/p>\n<\/div>\n\t\n<a href=\"https:\/\/eski.webadresim.com.tr\/en_US\/2018\/10\/05\/seo-backlink\/\" class=\"post-details details-type-link\" aria-label=\"Read more about SEO i\u00e7eri\u011fi mi yoksa Backlink mi?\">Read more<i class=\"dt-icon-the7-arrow-03\" aria-hidden=\"true\"><\/i><\/a>\n\n<\/div><\/article><article class=\"post project-odd visible post-191 type-post status-publish format-standard has-post-thumbnail hentry category-bizden-haberler category-52 description-off\" data-name=\"Anahtar Kelime Ara\u015ft\u0131rmas\u0131nda En \u00c7ok Yap\u0131lan Hatalar\" data-date=\"2018-03-18T13:25:56+00:00\">\n\n<div class=\"post-thumbnail-wrap\">\n\t<div class=\"post-thumbnail\">\n\n\t\t\n\t\t\n\t\t<a href=\"https:\/\/eski.webadresim.com.tr\/en_US\/2018\/03\/18\/anahtar-kelime\/\" class=\"post-thumbnail-rollover layzr-bg layzr-bg\" ><img class=\"blog-thumb-lazy-load preload-me lazy-load\" src=\"data:image\/svg+xml,%3Csvg%20xmlns%3D&#39;http%3A%2F%2Fwww.w3.org%2F2000%2Fsvg&#39;%20viewBox%3D&#39;0%200%20319%20212&#39;%2F%3E\" data-src=\"https:\/\/eski.webadresim.com.tr\/wp-content\/uploads\/2018\/03\/anahtarkelimearastirmasii-319x212.jpg\" data-srcset=\"https:\/\/eski.webadresim.com.tr\/wp-content\/uploads\/2018\/03\/anahtarkelimearastirmasii-319x212.jpg 319w\" alt=\"\" title=\"anahtar kelime ara\u015ft\u0131rmas\u0131\" width=\"319\" height=\"212\"  \/><\/a>\n\t<\/div>\n<\/div>\n\n\n<div class=\"post-entry-content\">\n\n\t<h3 class=\"entry-title\">\n\t\t<a href=\"https:\/\/eski.webadresim.com.tr\/en_US\/2018\/03\/18\/anahtar-kelime\/\" title=\"Anahtar Kelime Ara\u015ft\u0131rmas\u0131nda En \u00c7ok Yap\u0131lan Hatalar\" rel=\"bookmark\">Anahtar Kelime Ara\u015ft\u0131rmas\u0131nda En \u00c7ok Yap\u0131lan Hatalar<\/a>\n\t<\/h3>\n\n\t<div class=\"entry-meta\"><span class=\"category-link\"><a href=\"https:\/\/eski.webadresim.com.tr\/en_US\/category\/bizden-haberler\/\" >Bizden Haberler<\/a><\/span><a class=\"author vcard\" href=\"https:\/\/eski.webadresim.com.tr\/en_US\/author\/weba6858\/\" title=\"View all posts by weba6858\" rel=\"author\">By <span class=\"fn\">weba6858<\/span><\/a><a href=\"https:\/\/eski.webadresim.com.tr\/en_US\/2018\/03\/18\/\" title=\"1:25 pm\" class=\"data-link\" rel=\"bookmark\"><time class=\"entry-date updated\" datetime=\"2018-03-18T13:25:56+00:00\">Mart 18, 2018<\/time><\/a><\/div>\n\t<div class=\"entry-excerpt\"><p>Bir\u00e7ok ki\u015fi anahtar kelime ara\u015ft\u0131rmas\u0131nda baz\u0131 hatalar yapmaktad\u0131r. Do\u011fru bir \u015fekilde yap\u0131lan anahtar kelime ara\u015ft\u0131rmas\u0131 SEO stratejinizin en \u00f6nemli par\u00e7alar\u0131ndan biridir.<\/p>\n<\/div>\n\t\n<a href=\"https:\/\/eski.webadresim.com.tr\/en_US\/2018\/03\/18\/anahtar-kelime\/\" class=\"post-details details-type-link\" aria-label=\"Read more about Anahtar Kelime Ara\u015ft\u0131rmas\u0131nda En \u00c7ok Yap\u0131lan Hatalar\">Read more<i class=\"dt-icon-the7-arrow-03\" aria-hidden=\"true\"><\/i><\/a>\n\n<\/div><\/article><\/div>[\/vc_column][\/vc_row]<\/p>\n","protected":false},"excerpt":{"rendered":"<p>[vc_column][\/vc_column][vc_row][vc_column][dt_blog_list posts_offset=\"0\" category=\"\"][\/vc_column][\/vc_row]&#8230;<\/p>\n","protected":false},"author":1,"featured_media":0,"parent":0,"menu_order":0,"comment_status":"closed","ping_status":"closed","template":"","meta":{"content-type":""},"yoast_head":"<!-- This site is optimized with the Yoast SEO plugin v19.3 - https:\/\/yoast.com\/wordpress\/plugins\/seo\/ -->\n<title>News From Us<\/title>\n<meta name=\"description\" content=\"[vc_column][\/vc_column][vc_row][vc_column][dt_blog_list posts_offset=&quot;0&quot; category=&quot;&quot;][\/vc_column][\/vc_row]...\" \/>\n<meta name=\"robots\" content=\"index, follow, max-snippet:-1, max-image-preview:large, max-video-preview:-1\" \/>\n<link rel=\"canonical\" href=\"https:\/\/eski.webadresim.com.tr\/bizden-haberler\/\" \/>\n<meta property=\"og:locale\" content=\"tr_TR\" \/>\n<meta property=\"og:type\" content=\"article\" \/>\n<meta property=\"og:title\" content=\"News From Us\" \/>\n<meta property=\"og:description\" content=\"[vc_column][\/vc_column][vc_row][vc_column][dt_blog_list posts_offset=&quot;0&quot; category=&quot;&quot;][\/vc_column][\/vc_row]...\" \/>\n<meta property=\"og:url\" content=\"https:\/\/eski.webadresim.com.tr\/bizden-haberler\/\" \/>\n<meta property=\"og:site_name\" content=\"Web Adresim \u0130nternet Hizmetleri Ve Reklamc\u0131l\u0131k\" \/>\n<meta property=\"article:modified_time\" content=\"2021-09-24T14:11:50+00:00\" \/>\n<meta name=\"twitter:card\" content=\"summary_large_image\" \/>\n<meta name=\"twitter:label1\" content=\"Tahmini okuma s\u00fcresi\" \/>\n\t<meta name=\"twitter:data1\" content=\"1 dakika\" \/>\n<script type=\"application\/ld+json\" class=\"yoast-schema-graph\">{\"@context\":\"https:\/\/schema.org\",\"@graph\":[{\"@type\":\"WebSite\",\"@id\":\"https:\/\/eski.webadresim.com.tr\/#website\",\"url\":\"https:\/\/eski.webadresim.com.tr\/\",\"name\":\"Web Adresim \u0130nternet Hizmetleri Ve Reklamc\u0131l\u0131k\",\"description\":\"Zirveye Uzanan &Ccedil;izgi...\",\"potentialAction\":[{\"@type\":\"SearchAction\",\"target\":{\"@type\":\"EntryPoint\",\"urlTemplate\":\"https:\/\/eski.webadresim.com.tr\/?s={search_term_string}\"},\"query-input\":\"required name=search_term_string\"}],\"inLanguage\":\"tr\"},{\"@type\":\"WebPage\",\"@id\":\"https:\/\/eski.webadresim.com.tr\/bizden-haberler\/\",\"url\":\"https:\/\/eski.webadresim.com.tr\/bizden-haberler\/\",\"name\":\"Bizden Haberler - Web Adresim \u0130nternet Hizmetleri Ve Reklamc\u0131l\u0131k\",\"isPartOf\":{\"@id\":\"https:\/\/eski.webadresim.com.tr\/#website\"},\"datePublished\":\"2020-12-02T07:58:50+00:00\",\"dateModified\":\"2021-09-24T14:11:50+00:00\",\"breadcrumb\":{\"@id\":\"https:\/\/eski.webadresim.com.tr\/bizden-haberler\/#breadcrumb\"},\"inLanguage\":\"tr\",\"potentialAction\":[{\"@type\":\"ReadAction\",\"target\":[\"https:\/\/eski.webadresim.com.tr\/bizden-haberler\/\"]}]},{\"@type\":\"BreadcrumbList\",\"@id\":\"https:\/\/eski.webadresim.com.tr\/bizden-haberler\/#breadcrumb\",\"itemListElement\":[{\"@type\":\"ListItem\",\"position\":1,\"name\":\"Ana sayfa\",\"item\":\"https:\/\/eski.webadresim.com.tr\/\"},{\"@type\":\"ListItem\",\"position\":2,\"name\":\"Bizden Haberler\"}]}]}<\/script>\n<!-- \/ Yoast SEO plugin. -->","yoast_head_json":{"title":"News From Us","description":"[vc_column][\/vc_column][vc_row][vc_column][dt_blog_list posts_offset=\"0\" category=\"\"][\/vc_column][\/vc_row]...","robots":{"index":"index","follow":"follow","max-snippet":"max-snippet:-1","max-image-preview":"max-image-preview:large","max-video-preview":"max-video-preview:-1"},"canonical":"https:\/\/eski.webadresim.com.tr\/bizden-haberler\/","og_locale":"tr_TR","og_type":"article","og_title":"News From Us","og_description":"[vc_column][\/vc_column][vc_row][vc_column][dt_blog_list posts_offset=\"0\" category=\"\"][\/vc_column][\/vc_row]...","og_url":"https:\/\/eski.webadresim.com.tr\/bizden-haberler\/","og_site_name":"Web Adresim \u0130nternet Hizmetleri Ve Reklamc\u0131l\u0131k","article_modified_time":"2021-09-24T14:11:50+00:00","twitter_card":"summary_large_image","twitter_misc":{"Tahmini okuma s\u00fcresi":"1 dakika"},"schema":{"@context":"https:\/\/schema.org","@graph":[{"@type":"WebSite","@id":"https:\/\/eski.webadresim.com.tr\/#website","url":"https:\/\/eski.webadresim.com.tr\/","name":"Web Adresim \u0130nternet Hizmetleri Ve Reklamc\u0131l\u0131k","description":"Zirveye Uzanan &Ccedil;izgi...","potentialAction":[{"@type":"SearchAction","target":{"@type":"EntryPoint","urlTemplate":"https:\/\/eski.webadresim.com.tr\/?s={search_term_string}"},"query-input":"required name=search_term_string"}],"inLanguage":"tr"},{"@type":"WebPage","@id":"https:\/\/eski.webadresim.com.tr\/bizden-haberler\/","url":"https:\/\/eski.webadresim.com.tr\/bizden-haberler\/","name":"Bizden Haberler - Web Adresim \u0130nternet Hizmetleri Ve Reklamc\u0131l\u0131k","isPartOf":{"@id":"https:\/\/eski.webadresim.com.tr\/#website"},"datePublished":"2020-12-02T07:58:50+00:00","dateModified":"2021-09-24T14:11:50+00:00","breadcrumb":{"@id":"https:\/\/eski.webadresim.com.tr\/bizden-haberler\/#breadcrumb"},"inLanguage":"tr","potentialAction":[{"@type":"ReadAction","target":["https:\/\/eski.webadresim.com.tr\/bizden-haberler\/"]}]},{"@type":"BreadcrumbList","@id":"https:\/\/eski.webadresim.com.tr\/bizden-haberler\/#breadcrumb","itemListElement":[{"@type":"ListItem","position":1,"name":"Ana sayfa","item":"https:\/\/eski.webadresim.com.tr\/"},{"@type":"ListItem","position":2,"name":"Bizden Haberler"}]}]}},"_links":{"self":[{"href":"https:\/\/eski.webadresim.com.tr\/wp-json\/wp\/v2\/pages\/57024"}],"collection":[{"href":"https:\/\/eski.webadresim.com.tr\/wp-json\/wp\/v2\/pages"}],"about":[{"href":"https:\/\/eski.webadresim.com.tr\/wp-json\/wp\/v2\/types\/page"}],"author":[{"embeddable":true,"href":"https:\/\/eski.webadresim.com.tr\/wp-json\/wp\/v2\/users\/1"}],"replies":[{"embeddable":true,"href":"https:\/\/eski.webadresim.com.tr\/wp-json\/wp\/v2\/comments?post=57024"}],"version-history":[{"count":21,"href":"https:\/\/eski.webadresim.com.tr\/wp-json\/wp\/v2\/pages\/57024\/revisions"}],"predecessor-version":[{"id":57761,"href":"https:\/\/eski.webadresim.com.tr\/wp-json\/wp\/v2\/pages\/57024\/revisions\/57761"}],"wp:attachment":[{"href":"https:\/\/eski.webadresim.com.tr\/wp-json\/wp\/v2\/media?parent=57024"}],"curies":[{"name":"wp","href":"https:\/\/api.w.org\/{rel}","templated":true}]}}