{"id":57133,"date":"2020-12-06T07:17:31","date_gmt":"2020-12-06T07:17:31","guid":{"rendered":"https:\/\/eski.webadresim.com.tr\/?page_id=57133"},"modified":"2021-09-27T10:11:28","modified_gmt":"2021-09-27T10:11:28","slug":"twitter-reklamlari","status":"publish","type":"page","link":"https:\/\/eski.webadresim.com.tr\/en_US\/twitter-reklamlari\/","title":{"rendered":"Twitter Advertisement"},"content":{"rendered":"<p>[vc_row][vc_column][vc_column_text]<\/p>\n<h3 style=\"text-align: left;\">Twitter Advertisement<\/h3>\n<p>[\/vc_column_text][\/vc_column][\/vc_row][vc_row css=&#8221;. vc_custom_1607178288815 {padding-bottom: 10px! important;}&#8221;][vc_column width=&#8221;1\/2&#8243;][vc_single_image image=&#8221;57136&#8243; img_size=&#8221;full&#8221;][\/vc_column][vc_column width=&#8221;1\/2&#8243;][vc_column_text]\u221aBy promoting your Tweets, you can reach people who haven&#8217;t started following you yet, and we can get them to follow you with 280 characters of creative content.<\/p>\n<p>\u221aWith Twitter ads, you can increase the number of fans, followers and retweets of your brand and ensure brand awareness.<\/p>\n<p>\u221aTwitter ads, you only pay when users follow you, retweet, reply, or click on your sponsored tweet.[\/vc_column_text][\/vc_column][\/vc_row][vc_row css=&#8221;.vc_custom_1618386490173{padding-top: 75px !important;padding-bottom: 75px !important;}&#8221;][vc_column width=&#8221;1\/2&#8243;][vc_column_text]<\/p>\n<div class=\"wpb_text_column wpb_content_element \">\n<div class=\"wpb_wrapper\">\n<h3><strong>Why Should I Advertise on Twitter?<\/strong><\/h3>\n<p>Twitter has an average of 325 million monthly active users.<\/p>\n<p>There are 500 million tweets worldwide daily.<\/p>\n<p>Twitter has over 10 million users in Turkey.<\/p>\n<p>There are 350,000 tweets per minute on Twitter.<\/p>\n<p>The hashtags used in the tweets affect the country&#8217;s agendas.<\/p>\n<p>The rate at which a typed message is shared with others is quite high.<\/p>\n<p>In Turkey, where there are 45 million internet users, one in three people has a Twitter account.<\/p>\n<p>Approximately 6.7 million tweets are sent daily in Turkey.<\/p>\n<\/div>\n<\/div>\n<p>[\/vc_column_text][\/vc_column][vc_column width=&#8221;1\/2&#8243;][vc_single_image image=&#8221;57137&#8243; img_size=&#8221;full&#8221;][\/vc_column][\/vc_row][vc_row css=&#8221;.vc_custom_1618386513282{padding-top: 75px !important;}&#8221;][vc_column][vc_column_text]<\/p>\n<h2 style=\"text-align: center;\"><strong>Twitter Ad models<\/strong><\/h2>\n<p>[\/vc_column_text]<div id=\"ult-carousel-84496464569e3a25f18568\" class=\"ult-carousel-wrapper  vc_custom_1618386506815  ult_horizontal\" data-gutter=\"15\" data-rtl=\"false\" ><div class=\"ult-carousel-206955388869e3a25f18405 \" >[vc_column_text]<\/p>\n<section class=\"w100 surecSect\">\n<div class=\"container\">\n<div class=\"w100 surec\">\n<div class=\"surecPage open\">\n<div class=\"surecCont\">\n<div class=\"surecText animated fadeInUp\" data-simplebar=\"\">\n<h3><strong><img loading=\"lazy\" class=\"size-medium wp-image-57121 alignleft\" src=\"https:\/\/eski.webadresim.com.tr\/wp-content\/uploads\/2020\/12\/11-300x229.png\" alt=\"\" width=\"300\" height=\"229\" srcset=\"https:\/\/eski.webadresim.com.tr\/wp-content\/uploads\/2020\/12\/11-300x229.png 300w, https:\/\/eski.webadresim.com.tr\/wp-content\/uploads\/2020\/12\/11.png 420w\" sizes=\"(max-width: 300px) 100vw, 300px\" \/><\/strong><\/h3>\n<h3><strong>Promoted Tweet (Sponsored Tweet)<\/strong><\/h3>\n<p>is the kind of ads that aim to enhance the message that will be redirected.<\/p>\n<p>In this ad form, content (message, link, image, or video) is sent to the concerned audience other than current Twitter followers.<\/p>\n<p>Promoted Tweet ads are loaded with the cost component of each interaction. So, Twitter users can&#8217;t or If clicking the link, retweet, reply, and similar interactions.<\/p>\n<\/div>\n<\/div>\n<\/div>\n<\/div>\n<\/div>\n<\/section>\n<p>[\/vc_column_text][vc_column_text]<\/p>\n<section class=\"w100 surecSect\">\n<div class=\"container\">\n<div class=\"w100 surec\">\n<div class=\"surecPage open\">\n<div class=\"surecCont\">\n<div class=\"surecText animated fadeInUp\" data-simplebar=\"\">\n<h3 class=\"surecTitle animated fadeInUp\"><img loading=\"lazy\" class=\"size-medium wp-image-57122 alignleft\" src=\"https:\/\/eski.webadresim.com.tr\/wp-content\/uploads\/2020\/12\/22-300x229.jpg\" alt=\"\" width=\"300\" height=\"229\" srcset=\"https:\/\/eski.webadresim.com.tr\/wp-content\/uploads\/2020\/12\/22-300x229.jpg 300w, https:\/\/eski.webadresim.com.tr\/wp-content\/uploads\/2020\/12\/22.jpg 420w\" sizes=\"(max-width: 300px) 100vw, 300px\" \/><\/h3>\n<h3><strong>Promoted Tweet (Supported Agenda)<\/strong><\/h3>\n<p>Promoted trend ads are the way to add the business-specific tag to the top of today&#8217;s trend theme list (TT). In this supported advertising model, #hashtag determined by the brands of companies that are at the top of the list of trending topics for 24 hours. The ad that will be applied in this ad form will be displayed from 00:00 a.m. and ends at 23.59 on the same day. Promotion of trend is a one-day supported advertising model.<\/p>\n<\/div>\n<\/div>\n<\/div>\n<\/div>\n<\/div>\n<\/section>\n<p>[\/vc_column_text][vc_column_text]<\/p>\n<section class=\"w100 surecSect\">\n<div class=\"container\">\n<div class=\"w100 surec\">\n<div class=\"surecPage open\">\n<div class=\"surecCont\">\n<div class=\"surecText animated fadeInUp\" data-simplebar=\"\">\n<h3 class=\"surecTitle animated fadeInUp\"><img loading=\"lazy\" class=\"size-medium wp-image-57123 alignleft\" src=\"https:\/\/eski.webadresim.com.tr\/wp-content\/uploads\/2020\/12\/33-300x229.jpg\" alt=\"\" width=\"300\" height=\"229\" srcset=\"https:\/\/eski.webadresim.com.tr\/wp-content\/uploads\/2020\/12\/33-300x229.jpg 300w, https:\/\/eski.webadresim.com.tr\/wp-content\/uploads\/2020\/12\/33.jpg 420w\" sizes=\"(max-width: 300px) 100vw, 300px\" \/><\/h3>\n<h3><strong>Twitter-S<\/strong><strong>ponsored Ads<\/strong><\/h3>\n<p>With this ad form, it can be used to quickly increase the number of followers of newly opened accounts, or accounts that are not common enough. This ad method is &#8220;who to follow&#8221; on Twitter. If it is advertised in this way, the account will be displayed at the top in this area.<\/p>\n<p>&nbsp;<\/p>\n<p>&nbsp;<\/p>\n<\/div>\n<\/div>\n<\/div>\n<\/div>\n<\/div>\n<\/section>\n<p>[\/vc_column_text]<\/div><\/div>\t\t\t<script type=\"text\/javascript\">\n\t\t\t\tjQuery(document).ready(function ($) {\n\t\t\t\t\tif( typeof jQuery('.ult-carousel-206955388869e3a25f18405').slick == \"function\"){\n\t\t\t\t\t\t$('.ult-carousel-206955388869e3a25f18405').slick({dots: true,autoplay: true,autoplaySpeed: 5000,speed: 300,infinite: true,arrows: true,nextArrow: '<button type=\"button\" role=\"button\" aria-label=\"Next\" style=\"color:#333333; font-size:20px;\" class=\"slick-next default\"><i class=\"ultsl-arrow-right6\"><\/i><\/button>',prevArrow: '<button type=\"button\" role=\"button\" aria-label=\"Previous\" style=\"color:#333333; font-size:20px;\" class=\"slick-prev default\"><i class=\"ultsl-arrow-left6\"><\/i><\/button>',slidesToScroll:1,slidesToShow:1,swipe: true,draggable: true,touchMove: true,pauseOnHover: true,pauseOnFocus: false,responsive: [\n\t\t\t\t\t\t\t{\n\t\t\t\t\t\t\t  breakpoint: 1026,\n\t\t\t\t\t\t\t  settings: {\n\t\t\t\t\t\t\t\tslidesToShow: 1,\n\t\t\t\t\t\t\t\tslidesToScroll: 1,  \n\t\t\t\t\t\t\t  }\n\t\t\t\t\t\t\t},\n\t\t\t\t\t\t\t{\n\t\t\t\t\t\t\t  breakpoint: 1025,\n\t\t\t\t\t\t\t  settings: {\n\t\t\t\t\t\t\t\tslidesToShow: 1,\n\t\t\t\t\t\t\t\tslidesToScroll: 1\n\t\t\t\t\t\t\t  }\n\t\t\t\t\t\t\t},\n\t\t\t\t\t\t\t{\n\t\t\t\t\t\t\t  breakpoint: 760,\n\t\t\t\t\t\t\t  settings: {\n\t\t\t\t\t\t\t\tslidesToShow: 1,\n\t\t\t\t\t\t\t\tslidesToScroll: 1\n\t\t\t\t\t\t\t  }\n\t\t\t\t\t\t\t}\n\t\t\t\t\t\t],pauseOnDotsHover: true,customPaging: function(slider, i) {\n                   return '<i type=\"button\" style= \"color:#333333;\" class=\"ultsl-record\" data-role=\"none\"><\/i>';\n                },});\n\t\t\t\t\t}\n\t\t\t\t});\n\t\t\t<\/script>\n\t\t\t[\/vc_column][\/vc_row][vc_row][vc_column][vc_single_image image=&#8221;57142&#8243; img_size=&#8221;full&#8221; alignment=&#8221;center&#8221;][\/vc_column][\/vc_row][vc_row css=&#8221;.vc_custom_1618386540212{padding-top: 75px !important;padding-bottom: 75px !important;}&#8221;][vc_column width=&#8221;2\/3&#8243;][vc_column_text]<\/p>\n<h3 style=\"text-align: center;\">Let&#8217;s open a new era for your brand with digital marketing!<\/h3>\n<p>[\/vc_column_text][\/vc_column][vc_column width=&#8221;1\/3&#8243;]<style type=\"text\/css\" data-type=\"the7_shortcodes-inline-css\">#default-btn-961469fd10f5b2fb3db71e301197b0ad.ico-right-side > i {\n  margin-right: 0px;\n  margin-left: 8px;\n}\n#default-btn-961469fd10f5b2fb3db71e301197b0ad > i {\n  margin-right: 8px;\n}\n<\/style><a href=\"https:\/\/eski.webadresim.com.tr\/iletisim\" class=\"default-btn-shortcode dt-btn dt-btn-s link-hover-off btn-inline-left \" id=\"default-btn-961469fd10f5b2fb3db71e301197b0ad\"><span>Call us!<\/span><\/a>[\/vc_column][\/vc_row]<\/p>\n","protected":false},"excerpt":{"rendered":"<p>[vc_row][vc_column][vc_column_text]<\/p>\n<h3 style=\"text-align: left;\">Twitter Advertisement<\/h3>\n<p>[\/vc_column_text][\/vc_column][\/vc_row][vc_row css=&#8221;. vc_custom_1607178288815 {padding-bottom: 10px! important;}&#8221;][vc_column width=&#8221;1\/2&#8243;][vc_single_image im&#8230;<\/p>\n","protected":false},"author":1,"featured_media":0,"parent":0,"menu_order":0,"comment_status":"closed","ping_status":"closed","template":"","meta":{"content-type":""},"yoast_head":"<!-- This site is optimized with the Yoast SEO plugin v19.3 - https:\/\/yoast.com\/wordpress\/plugins\/seo\/ -->\n<title>Twitter Advertisement<\/title>\n<meta name=\"description\" content=\"[vc_row][vc_column][vc_column_text]\r\nTwitter Advertisement\r\n[\/vc_column_text][\/vc_column][\/vc_row][vc_row css=&quot;. vc_custom_1607178288815 {padding-bottom: 10px! important;}&quot;][vc_column width=&quot;1\/2&quot;][vc_single_image im...\" \/>\n<meta name=\"robots\" content=\"index, follow, max-snippet:-1, max-image-preview:large, max-video-preview:-1\" \/>\n<link rel=\"canonical\" href=\"https:\/\/eski.webadresim.com.tr\/twitter-reklamlari\/\" \/>\n<meta property=\"og:locale\" content=\"tr_TR\" \/>\n<meta property=\"og:type\" content=\"article\" \/>\n<meta property=\"og:title\" content=\"Twitter Advertisement\" \/>\n<meta property=\"og:description\" content=\"[vc_row][vc_column][vc_column_text]\r\nTwitter Advertisement\r\n[\/vc_column_text][\/vc_column][\/vc_row][vc_row css=&quot;. vc_custom_1607178288815 {padding-bottom: 10px! important;}&quot;][vc_column width=&quot;1\/2&quot;][vc_single_image im...\" \/>\n<meta property=\"og:url\" content=\"https:\/\/eski.webadresim.com.tr\/twitter-reklamlari\/\" \/>\n<meta property=\"og:site_name\" content=\"Web Adresim \u0130nternet Hizmetleri Ve Reklamc\u0131l\u0131k\" \/>\n<meta property=\"article:modified_time\" content=\"2021-09-27T10:11:28+00:00\" \/>\n<meta property=\"og:image\" content=\"https:\/\/eski.webadresim.com.tr\/wp-content\/uploads\/2020\/12\/11-300x229.png\" \/>\n<meta name=\"twitter:card\" content=\"summary_large_image\" \/>\n<meta name=\"twitter:label1\" content=\"Tahmini okuma s\u00fcresi\" \/>\n\t<meta name=\"twitter:data1\" content=\"3 dakika\" \/>\n<script type=\"application\/ld+json\" class=\"yoast-schema-graph\">{\"@context\":\"https:\/\/schema.org\",\"@graph\":[{\"@type\":\"WebSite\",\"@id\":\"https:\/\/eski.webadresim.com.tr\/#website\",\"url\":\"https:\/\/eski.webadresim.com.tr\/\",\"name\":\"Web Adresim \u0130nternet Hizmetleri Ve Reklamc\u0131l\u0131k\",\"description\":\"Zirveye Uzanan &Ccedil;izgi...\",\"potentialAction\":[{\"@type\":\"SearchAction\",\"target\":{\"@type\":\"EntryPoint\",\"urlTemplate\":\"https:\/\/eski.webadresim.com.tr\/?s={search_term_string}\"},\"query-input\":\"required name=search_term_string\"}],\"inLanguage\":\"tr\"},{\"@type\":\"ImageObject\",\"inLanguage\":\"tr\",\"@id\":\"https:\/\/eski.webadresim.com.tr\/twitter-reklamlari\/#primaryimage\",\"url\":\"https:\/\/eski.webadresim.com.tr\/wp-content\/uploads\/2020\/12\/11.png\",\"contentUrl\":\"https:\/\/eski.webadresim.com.tr\/wp-content\/uploads\/2020\/12\/11.png\",\"width\":420,\"height\":320,\"caption\":\"kod yazmak\"},{\"@type\":\"WebPage\",\"@id\":\"https:\/\/eski.webadresim.com.tr\/twitter-reklamlari\/\",\"url\":\"https:\/\/eski.webadresim.com.tr\/twitter-reklamlari\/\",\"name\":\"Twitter Reklamlar\u0131 - Web Adresim \u0130nternet Hizmetleri Ve Reklamc\u0131l\u0131k\",\"isPartOf\":{\"@id\":\"https:\/\/eski.webadresim.com.tr\/#website\"},\"primaryImageOfPage\":{\"@id\":\"https:\/\/eski.webadresim.com.tr\/twitter-reklamlari\/#primaryimage\"},\"datePublished\":\"2020-12-06T07:17:31+00:00\",\"dateModified\":\"2021-09-27T10:11:28+00:00\",\"breadcrumb\":{\"@id\":\"https:\/\/eski.webadresim.com.tr\/twitter-reklamlari\/#breadcrumb\"},\"inLanguage\":\"tr\",\"potentialAction\":[{\"@type\":\"ReadAction\",\"target\":[\"https:\/\/eski.webadresim.com.tr\/twitter-reklamlari\/\"]}]},{\"@type\":\"BreadcrumbList\",\"@id\":\"https:\/\/eski.webadresim.com.tr\/twitter-reklamlari\/#breadcrumb\",\"itemListElement\":[{\"@type\":\"ListItem\",\"position\":1,\"name\":\"Ana sayfa\",\"item\":\"https:\/\/eski.webadresim.com.tr\/\"},{\"@type\":\"ListItem\",\"position\":2,\"name\":\"Twitter Reklamlar\u0131\"}]}]}<\/script>\n<!-- \/ Yoast SEO plugin. -->","yoast_head_json":{"title":"Twitter Advertisement","description":"[vc_row][vc_column][vc_column_text]\r\nTwitter Advertisement\r\n[\/vc_column_text][\/vc_column][\/vc_row][vc_row css=\". vc_custom_1607178288815 {padding-bottom: 10px! important;}\"][vc_column width=\"1\/2\"][vc_single_image im...","robots":{"index":"index","follow":"follow","max-snippet":"max-snippet:-1","max-image-preview":"max-image-preview:large","max-video-preview":"max-video-preview:-1"},"canonical":"https:\/\/eski.webadresim.com.tr\/twitter-reklamlari\/","og_locale":"tr_TR","og_type":"article","og_title":"Twitter Advertisement","og_description":"[vc_row][vc_column][vc_column_text]\r\nTwitter Advertisement\r\n[\/vc_column_text][\/vc_column][\/vc_row][vc_row css=\". vc_custom_1607178288815 {padding-bottom: 10px! important;}\"][vc_column width=\"1\/2\"][vc_single_image im...","og_url":"https:\/\/eski.webadresim.com.tr\/twitter-reklamlari\/","og_site_name":"Web Adresim \u0130nternet Hizmetleri Ve Reklamc\u0131l\u0131k","article_modified_time":"2021-09-27T10:11:28+00:00","og_image":[{"url":"https:\/\/eski.webadresim.com.tr\/wp-content\/uploads\/2020\/12\/11-300x229.png"}],"twitter_card":"summary_large_image","twitter_misc":{"Tahmini okuma s\u00fcresi":"3 dakika"},"schema":{"@context":"https:\/\/schema.org","@graph":[{"@type":"WebSite","@id":"https:\/\/eski.webadresim.com.tr\/#website","url":"https:\/\/eski.webadresim.com.tr\/","name":"Web Adresim \u0130nternet Hizmetleri Ve Reklamc\u0131l\u0131k","description":"Zirveye Uzanan &Ccedil;izgi...","potentialAction":[{"@type":"SearchAction","target":{"@type":"EntryPoint","urlTemplate":"https:\/\/eski.webadresim.com.tr\/?s={search_term_string}"},"query-input":"required name=search_term_string"}],"inLanguage":"tr"},{"@type":"ImageObject","inLanguage":"tr","@id":"https:\/\/eski.webadresim.com.tr\/twitter-reklamlari\/#primaryimage","url":"https:\/\/eski.webadresim.com.tr\/wp-content\/uploads\/2020\/12\/11.png","contentUrl":"https:\/\/eski.webadresim.com.tr\/wp-content\/uploads\/2020\/12\/11.png","width":420,"height":320,"caption":"kod yazmak"},{"@type":"WebPage","@id":"https:\/\/eski.webadresim.com.tr\/twitter-reklamlari\/","url":"https:\/\/eski.webadresim.com.tr\/twitter-reklamlari\/","name":"Twitter Reklamlar\u0131 - Web Adresim \u0130nternet Hizmetleri Ve Reklamc\u0131l\u0131k","isPartOf":{"@id":"https:\/\/eski.webadresim.com.tr\/#website"},"primaryImageOfPage":{"@id":"https:\/\/eski.webadresim.com.tr\/twitter-reklamlari\/#primaryimage"},"datePublished":"2020-12-06T07:17:31+00:00","dateModified":"2021-09-27T10:11:28+00:00","breadcrumb":{"@id":"https:\/\/eski.webadresim.com.tr\/twitter-reklamlari\/#breadcrumb"},"inLanguage":"tr","potentialAction":[{"@type":"ReadAction","target":["https:\/\/eski.webadresim.com.tr\/twitter-reklamlari\/"]}]},{"@type":"BreadcrumbList","@id":"https:\/\/eski.webadresim.com.tr\/twitter-reklamlari\/#breadcrumb","itemListElement":[{"@type":"ListItem","position":1,"name":"Ana sayfa","item":"https:\/\/eski.webadresim.com.tr\/"},{"@type":"ListItem","position":2,"name":"Twitter Reklamlar\u0131"}]}]}},"_links":{"self":[{"href":"https:\/\/eski.webadresim.com.tr\/wp-json\/wp\/v2\/pages\/57133"}],"collection":[{"href":"https:\/\/eski.webadresim.com.tr\/wp-json\/wp\/v2\/pages"}],"about":[{"href":"https:\/\/eski.webadresim.com.tr\/wp-json\/wp\/v2\/types\/page"}],"author":[{"embeddable":true,"href":"https:\/\/eski.webadresim.com.tr\/wp-json\/wp\/v2\/users\/1"}],"replies":[{"embeddable":true,"href":"https:\/\/eski.webadresim.com.tr\/wp-json\/wp\/v2\/comments?post=57133"}],"version-history":[{"count":16,"href":"https:\/\/eski.webadresim.com.tr\/wp-json\/wp\/v2\/pages\/57133\/revisions"}],"predecessor-version":[{"id":57773,"href":"https:\/\/eski.webadresim.com.tr\/wp-json\/wp\/v2\/pages\/57133\/revisions\/57773"}],"wp:attachment":[{"href":"https:\/\/eski.webadresim.com.tr\/wp-json\/wp\/v2\/media?parent=57133"}],"curies":[{"name":"wp","href":"https:\/\/api.w.org\/{rel}","templated":true}]}}