{"id":57144,"date":"2020-12-06T08:06:01","date_gmt":"2020-12-06T08:06:01","guid":{"rendered":"https:\/\/eski.webadresim.com.tr\/?page_id=57144"},"modified":"2021-09-27T08:49:46","modified_gmt":"2021-09-27T08:49:46","slug":"youtube-reklamlari","status":"publish","type":"page","link":"https:\/\/eski.webadresim.com.tr\/en_US\/youtube-reklamlari\/","title":{"rendered":"YouTube Advertisement"},"content":{"rendered":"<p>[vc_row css=&#8221;. vc_custom_1607178288815 {padding-bottom: 10px! important;}&#8221;][vc_column width=&#8221;1\/2&#8243;][vc_single_image image=&#8221;57147&#8243; img_size=&#8221;full&#8221;][\/vc_column][vc_column width=&#8221;1\/2&#8243;][vc_column_text]YouTube is the world&#8217;s largest video streaming platform and is actually the largest television channel in the world. So much so that it gives everyone the chance to do their own show on this tv station. By advertising these programs, it also makes everyone win.<\/p>\n<p>Advertising on YouTube is as cheap as it is very easy. YouTube is the best way, especially for brands with the aim of increasing brand awareness. Of course, no matter what medium you advertise in, it is necessary to check whether your ad is also remarkable in order to talk about the advantage.[\/vc_column_text][\/vc_column][\/vc_row][vc_row][vc_column][vc_single_image image=&#8221;57148&#8243; img_size=&#8221;full&#8221; alignment=&#8221;center&#8221;][vc_empty_space][\/vc_column][\/vc_row][vc_row][vc_column][vc_column_text css=&#8221;.vc_custom_1632731978412{padding-top: 75px !important;padding-bottom: 75px !important;}&#8221;]<\/p>\n<h2 style=\"text-align: center;\"><strong>YouTube Ad Models<\/strong><\/h2>\n<p>[\/vc_column_text]<div id=\"ult-carousel-136453506169e39f5469017\" class=\"ult-carousel-wrapper   ult_horizontal\" data-gutter=\"15\" data-rtl=\"false\" ><div class=\"ult-carousel-20335709869e39f5468f75 \" >[vc_column_text]<\/p>\n<section class=\"w100 surecSect\">\n<div class=\"container\">\n<div class=\"w100 surec\">\n<div class=\"surecPage open\">\n<div class=\"surecCont\">\n<div class=\"surecText animated fadeInUp\" data-simplebar=\"\">\n<div class=\"module module-fancy-heading tb_ixl2398 \">\n<h3 class=\"fancy-heading tb-align-center\"><span class=\"main-head\"><img loading=\"lazy\" class=\"size-medium wp-image-57152 alignleft\" src=\"https:\/\/eski.webadresim.com.tr\/wp-content\/uploads\/2020\/12\/y3-300x200.jpg\" alt=\"\" width=\"300\" height=\"200\" srcset=\"https:\/\/eski.webadresim.com.tr\/wp-content\/uploads\/2020\/12\/y3-300x200.jpg 300w, https:\/\/eski.webadresim.com.tr\/wp-content\/uploads\/2020\/12\/y3-600x400.jpg 600w, https:\/\/eski.webadresim.com.tr\/wp-content\/uploads\/2020\/12\/y3.jpg 626w\" sizes=\"(max-width: 300px) 100vw, 300px\" \/><\/span><\/h3>\n<h3><strong>Skippable Ads in Broadcast<\/strong><\/h3>\n<\/div>\n<div class=\"module module-text tb_nwih96 \">\n<div class=\"tb_text_wrap\">\n<p>You can view the ad just before you view videos on YouTube. If you have video content that you want to view on the ad network, you can use this ad option.<\/p>\n<p>Video ads can be displayed before, during, or at the end of the video.Viewers can skip the video ad in 5 seconds<\/p>\n<\/div>\n<\/div>\n<\/div>\n<\/div>\n<\/div>\n<\/div>\n<\/div>\n<\/section>\n<p>\u00a0[\/vc_column_text][vc_column_text]<\/p>\n<section class=\"w100 surecSect\">\n<div class=\"container\">\n<div class=\"w100 surec\">\n<div class=\"surecPage open\">\n<div class=\"surecCont\">\n<div class=\"surecText animated fadeInUp\" data-simplebar=\"\">\n<h3 class=\"fancy-heading tb-align-center\"><span class=\"main-head\"><img loading=\"lazy\" class=\"size-medium wp-image-57152 alignleft\" src=\"https:\/\/eski.webadresim.com.tr\/wp-content\/uploads\/2020\/12\/y3-300x200.jpg\" alt=\"\" width=\"300\" height=\"200\" srcset=\"https:\/\/eski.webadresim.com.tr\/wp-content\/uploads\/2020\/12\/y3-300x200.jpg 300w, https:\/\/eski.webadresim.com.tr\/wp-content\/uploads\/2020\/12\/y3-600x400.jpg 600w, https:\/\/eski.webadresim.com.tr\/wp-content\/uploads\/2020\/12\/y3.jpg 626w\" sizes=\"(max-width: 300px) 100vw, 300px\" \/><\/span><\/h3>\n<div class=\"module module-fancy-heading tb_zoab809 \">\n<h3><strong>Unskippable Ads in broadcasts<\/strong><\/h3>\n<\/div>\n<div class=\"module module-text tb_gh2j809 \">\n<div class=\"tb_text_wrap\">\n<p>Do you have a message? Ads in the broadcast that can&#8217;t be skipped are for you! You can show the entire message you want to give your customers in one video. If you have a message for ad message trackers and if you submit it in a single ad, it&#8217;s for you.<\/p>\n<p>Ads that can&#8217;t be skipped last up to 6 seconds. These ads will appear before the video starts, while the video is broadcast, or after the video is played and finished. Viewers can&#8217;t skip these ads, so the option to skip the ad isn&#8217;t in this kind of ads.<\/p>\n<\/div>\n<\/div>\n<\/div>\n<\/div>\n<\/div>\n<\/div>\n<\/div>\n<\/section>\n<p>[\/vc_column_text][vc_column_text]<\/p>\n<section class=\"w100 surecSect\">\n<div class=\"container\">\n<div class=\"w100 surec\">\n<div class=\"surecPage open\">\n<div class=\"surecCont\">\n<div class=\"surecText animated fadeInUp\" data-simplebar=\"\">\n<h3 class=\"fancy-heading tb-align-center\"><span class=\"main-head\"><img loading=\"lazy\" class=\"size-medium wp-image-57152 alignleft\" src=\"https:\/\/eski.webadresim.com.tr\/wp-content\/uploads\/2020\/12\/y3-300x200.jpg\" alt=\"\" width=\"300\" height=\"200\" srcset=\"https:\/\/eski.webadresim.com.tr\/wp-content\/uploads\/2020\/12\/y3-300x200.jpg 300w, https:\/\/eski.webadresim.com.tr\/wp-content\/uploads\/2020\/12\/y3-600x400.jpg 600w, https:\/\/eski.webadresim.com.tr\/wp-content\/uploads\/2020\/12\/y3.jpg 626w\" sizes=\"(max-width: 300px) 100vw, 300px\" \/><\/span><\/h3>\n<div class=\"module module-fancy-heading tb_kpzl242 \">\n<h3><strong>Video discovery Ads<\/strong><\/h3>\n<\/div>\n<div class=\"module module-text tb_4pr8242 \">\n<div class=\"tb_text_wrap\">\n<p>Do you want to be discovered? If the answer is yes, this ad form is for you.<\/p>\n<p>Your ads can appear at the end on the YouTube home page or YouTube home page on mobile devices.<\/p>\n<p>In this type of ad video, the ad consists of several sentences, as well as a small picture of your video. The appearance of the ad may vary depending on the source of the ad. Video discovery ads invite users to click on your ad. Your video will then be played and watched on the YouTube watch page.<\/p>\n<\/div>\n<\/div>\n<\/div>\n<\/div>\n<\/div>\n<\/div>\n<\/div>\n<\/section>\n<p>[\/vc_column_text][vc_column_text]<\/p>\n<section class=\"w100 surecSect\">\n<div class=\"container\">\n<div class=\"w100 surec\">\n<div class=\"surecPage open\">\n<div class=\"surecCont\">\n<div class=\"surecText animated fadeInUp\" data-simplebar=\"\">\n<h3 class=\"fancy-heading tb-align-center\"><span class=\"main-head\"><img loading=\"lazy\" class=\"size-medium wp-image-57152 alignleft\" src=\"https:\/\/eski.webadresim.com.tr\/wp-content\/uploads\/2020\/12\/y3-300x200.jpg\" alt=\"\" width=\"300\" height=\"200\" srcset=\"https:\/\/eski.webadresim.com.tr\/wp-content\/uploads\/2020\/12\/y3-300x200.jpg 300w, https:\/\/eski.webadresim.com.tr\/wp-content\/uploads\/2020\/12\/y3-600x400.jpg 600w, https:\/\/eski.webadresim.com.tr\/wp-content\/uploads\/2020\/12\/y3.jpg 626w\" sizes=\"(max-width: 300px) 100vw, 300px\" \/><\/span><\/h3>\n<div class=\"module module-fancy-heading tb_kpzl242 \">\n<div class=\"module module-fancy-heading tb_04jz141 \">\n<h3><strong>Bumper Ads<\/strong><\/h3>\n<\/div>\n<div class=\"module module-text tb_mq5b142 \">\n<div class=\"tb_text_wrap\">\n<p>Bumper ads are ideal for raising brand awareness and awareness. You can use this ad campaign when you want to send an unforgettable message to your audience. Bumper video ads last for 6 seconds or less. These ads appear before, during, or at the end of the video. Viewers don&#8217;t have the option to skip the ad.<\/p>\n<\/div>\n<\/div>\n<\/div>\n<\/div>\n<\/div>\n<\/div>\n<\/div>\n<\/div>\n<\/section>\n<p>[\/vc_column_text][vc_column_text]<\/p>\n<section class=\"w100 surecSect\">\n<div class=\"container\">\n<div class=\"w100 surec\">\n<div class=\"surecPage open\">\n<div class=\"surecCont\">\n<div class=\"surecText animated fadeInUp\" data-simplebar=\"\">\n<h3 class=\"fancy-heading tb-align-center\"><span class=\"main-head\"><img loading=\"lazy\" class=\"size-medium wp-image-57152 alignleft\" src=\"https:\/\/eski.webadresim.com.tr\/wp-content\/uploads\/2020\/12\/y3-300x200.jpg\" alt=\"\" width=\"300\" height=\"200\" srcset=\"https:\/\/eski.webadresim.com.tr\/wp-content\/uploads\/2020\/12\/y3-300x200.jpg 300w, https:\/\/eski.webadresim.com.tr\/wp-content\/uploads\/2020\/12\/y3-600x400.jpg 600w, https:\/\/eski.webadresim.com.tr\/wp-content\/uploads\/2020\/12\/y3.jpg 626w\" sizes=\"(max-width: 300px) 100vw, 300px\" \/><\/span><\/h3>\n<div class=\"module module-fancy-heading tb_kpzl242 \">\n<div class=\"module module-fancy-heading tb_04jz141 \">\n<h3 class=\"module module-fancy-heading tb_10xk654 \"><span class=\"main-head\">YouTube <\/span><strong>Masthead Ads<\/strong><\/h3>\n<div class=\"module module-text tb_81vx654 \">\n<div class=\"tb_text_wrap\">\n<p>Masthead ads are ads that appear in the top area on the YouTube home page on both mobile devices, computers and TV screens. Masthead ads are only available on a booking basis through a Google salesperson.<\/p>\n<p>You can use this type of destination to advertise a new product, service, or launch, or to reach a wide audience in a very short time.<\/p>\n<\/div>\n<\/div>\n<\/div>\n<\/div>\n<\/div>\n<\/div>\n<\/div>\n<\/div>\n<\/div>\n<\/section>\n<p>[\/vc_column_text][vc_column_text]<\/p>\n<section class=\"w100 surecSect\">\n<div class=\"container\">\n<div class=\"w100 surec\">\n<div class=\"surecPage open\">\n<div class=\"surecCont\">\n<div class=\"surecText animated fadeInUp\" data-simplebar=\"\">\n<h3 class=\"fancy-heading tb-align-center\"><span class=\"main-head\"><img loading=\"lazy\" class=\"size-medium wp-image-57152 alignleft\" src=\"https:\/\/eski.webadresim.com.tr\/wp-content\/uploads\/2020\/12\/y3-300x200.jpg\" alt=\"\" width=\"300\" height=\"200\" srcset=\"https:\/\/eski.webadresim.com.tr\/wp-content\/uploads\/2020\/12\/y3-300x200.jpg 300w, https:\/\/eski.webadresim.com.tr\/wp-content\/uploads\/2020\/12\/y3-600x400.jpg 600w, https:\/\/eski.webadresim.com.tr\/wp-content\/uploads\/2020\/12\/y3.jpg 626w\" sizes=\"(max-width: 300px) 100vw, 300px\" \/><\/span><\/h3>\n<div class=\"module module-fancy-heading tb_kpzl242 \">\n<div class=\"module module-fancy-heading tb_04jz141 \">\n<div class=\"module module-fancy-heading tb_10xk654 \">\n<div class=\"module module-fancy-heading tb_c1de70 \">\n<h3><strong>Non-skippable Video Ads<\/strong><\/h3>\n<\/div>\n<div class=\"module module-text tb_q08070 \">\n<div class=\"tb_text_wrap\">\n<p>In this ad form, the ad will appear just before the video is shown, or at the end of a video opened by the viewer. These ads can be up to 15-20 seconds. When you choose this ad type, a specific control is provided to find the content, time, and audience that suits the ad&#8217;s appearance. If these tests do not produce an appropriate result, this ad form will not be used, and other ad models are recommended for your brand.<\/p>\n<\/div>\n<\/div>\n<\/div>\n<\/div>\n<\/div>\n<\/div>\n<\/div>\n<\/div>\n<\/div>\n<\/div>\n<\/section>\n<p>[\/vc_column_text]<\/div><\/div>\t\t\t<script type=\"text\/javascript\">\n\t\t\t\tjQuery(document).ready(function ($) {\n\t\t\t\t\tif( typeof jQuery('.ult-carousel-20335709869e39f5468f75').slick == \"function\"){\n\t\t\t\t\t\t$('.ult-carousel-20335709869e39f5468f75').slick({dots: true,autoplay: true,autoplaySpeed: 5000,speed: 300,infinite: true,arrows: true,nextArrow: '<button type=\"button\" role=\"button\" aria-label=\"Next\" style=\"color:#333333; font-size:20px;\" class=\"slick-next default\"><i class=\"ultsl-arrow-right6\"><\/i><\/button>',prevArrow: '<button type=\"button\" role=\"button\" aria-label=\"Previous\" style=\"color:#333333; font-size:20px;\" class=\"slick-prev default\"><i class=\"ultsl-arrow-left6\"><\/i><\/button>',slidesToScroll:1,slidesToShow:1,swipe: true,draggable: true,touchMove: true,pauseOnHover: true,pauseOnFocus: false,responsive: [\n\t\t\t\t\t\t\t{\n\t\t\t\t\t\t\t  breakpoint: 1026,\n\t\t\t\t\t\t\t  settings: {\n\t\t\t\t\t\t\t\tslidesToShow: 1,\n\t\t\t\t\t\t\t\tslidesToScroll: 1,  \n\t\t\t\t\t\t\t  }\n\t\t\t\t\t\t\t},\n\t\t\t\t\t\t\t{\n\t\t\t\t\t\t\t  breakpoint: 1025,\n\t\t\t\t\t\t\t  settings: {\n\t\t\t\t\t\t\t\tslidesToShow: 1,\n\t\t\t\t\t\t\t\tslidesToScroll: 1\n\t\t\t\t\t\t\t  }\n\t\t\t\t\t\t\t},\n\t\t\t\t\t\t\t{\n\t\t\t\t\t\t\t  breakpoint: 760,\n\t\t\t\t\t\t\t  settings: {\n\t\t\t\t\t\t\t\tslidesToShow: 1,\n\t\t\t\t\t\t\t\tslidesToScroll: 1\n\t\t\t\t\t\t\t  }\n\t\t\t\t\t\t\t}\n\t\t\t\t\t\t],pauseOnDotsHover: true,customPaging: function(slider, i) {\n                   return '<i type=\"button\" style= \"color:#333333;\" class=\"ultsl-record\" data-role=\"none\"><\/i>';\n                },});\n\t\t\t\t\t}\n\t\t\t\t});\n\t\t\t<\/script>\n\t\t\t[\/vc_column][\/vc_row][vc_row css=&#8221;.vc_custom_1618386947737{padding-top: 75px !important;padding-bottom: 75px !important;}&#8221;][vc_column width=&#8221;2\/3&#8243;][vc_column_text]<\/p>\n<h3 style=\"text-align: center;\"><strong>Let&#8217;s open a new era for your brand with digital marketing!<\/strong><\/h3>\n<p>[\/vc_column_text][\/vc_column][vc_column width=&#8221;1\/3&#8243;]<style type=\"text\/css\" data-type=\"the7_shortcodes-inline-css\">#default-btn-961469fd10f5b2fb3db71e301197b0ad.ico-right-side > i {\n  margin-right: 0px;\n  margin-left: 8px;\n}\n#default-btn-961469fd10f5b2fb3db71e301197b0ad > i {\n  margin-right: 8px;\n}\n<\/style><a href=\"https:\/\/eski.webadresim.com.tr\/iletisim\" class=\"default-btn-shortcode dt-btn dt-btn-s link-hover-off btn-inline-left \" id=\"default-btn-961469fd10f5b2fb3db71e301197b0ad\"><span>Call us!<\/span><\/a>[\/vc_column][\/vc_row]<\/p>\n","protected":false},"excerpt":{"rendered":"<p>[vc_row css=&#8221;. vc_custom_1607178288815 {padding-bottom: 10px! important;}&#8221;][vc_column width=&#8221;1\/2&#8243;][vc_single_image image=&#8221;57147&#8243; img_size=&#8221;full&#8221;][\/vc_column][vc_column width=&#8221;1\/2&#8243;][vc_column_text]YouTube is the world&#8217;s largest video streaming platfor&#8230;<\/p>\n","protected":false},"author":1,"featured_media":0,"parent":0,"menu_order":0,"comment_status":"closed","ping_status":"closed","template":"","meta":{"content-type":""},"yoast_head":"<!-- This site is optimized with the Yoast SEO plugin v19.3 - https:\/\/yoast.com\/wordpress\/plugins\/seo\/ -->\n<title>YouTube Advertisement<\/title>\n<meta name=\"description\" content=\"[vc_row css=&quot;. vc_custom_1607178288815 {padding-bottom: 10px! important;}&quot;][vc_column width=&quot;1\/2&quot;][vc_single_image image=&quot;57147&quot; img_size=&quot;full&quot;][\/vc_column][vc_column width=&quot;1\/2&quot;][vc_column_text]YouTube is the world&#039;s largest video streaming platfor...\" \/>\n<meta name=\"robots\" content=\"index, follow, max-snippet:-1, max-image-preview:large, max-video-preview:-1\" \/>\n<link rel=\"canonical\" href=\"https:\/\/eski.webadresim.com.tr\/youtube-reklamlari\/\" \/>\n<meta property=\"og:locale\" content=\"tr_TR\" \/>\n<meta property=\"og:type\" content=\"article\" \/>\n<meta property=\"og:title\" content=\"YouTube Advertisement\" \/>\n<meta property=\"og:description\" content=\"[vc_row css=&quot;. vc_custom_1607178288815 {padding-bottom: 10px! important;}&quot;][vc_column width=&quot;1\/2&quot;][vc_single_image image=&quot;57147&quot; img_size=&quot;full&quot;][\/vc_column][vc_column width=&quot;1\/2&quot;][vc_column_text]YouTube is the world&#039;s largest video streaming platfor...\" \/>\n<meta property=\"og:url\" content=\"https:\/\/eski.webadresim.com.tr\/youtube-reklamlari\/\" \/>\n<meta property=\"og:site_name\" content=\"Web Adresim \u0130nternet Hizmetleri Ve Reklamc\u0131l\u0131k\" \/>\n<meta property=\"article:modified_time\" content=\"2021-09-27T08:49:46+00:00\" \/>\n<meta property=\"og:image\" content=\"https:\/\/eski.webadresim.com.tr\/wp-content\/uploads\/2020\/12\/y3-300x200.jpg\" \/>\n<meta name=\"twitter:card\" content=\"summary_large_image\" \/>\n<meta name=\"twitter:label1\" content=\"Tahmini okuma s\u00fcresi\" \/>\n\t<meta name=\"twitter:data1\" content=\"4 dakika\" \/>\n<script type=\"application\/ld+json\" class=\"yoast-schema-graph\">{\"@context\":\"https:\/\/schema.org\",\"@graph\":[{\"@type\":\"WebSite\",\"@id\":\"https:\/\/eski.webadresim.com.tr\/#website\",\"url\":\"https:\/\/eski.webadresim.com.tr\/\",\"name\":\"Web Adresim \u0130nternet Hizmetleri Ve Reklamc\u0131l\u0131k\",\"description\":\"Zirveye Uzanan &Ccedil;izgi...\",\"potentialAction\":[{\"@type\":\"SearchAction\",\"target\":{\"@type\":\"EntryPoint\",\"urlTemplate\":\"https:\/\/eski.webadresim.com.tr\/?s={search_term_string}\"},\"query-input\":\"required name=search_term_string\"}],\"inLanguage\":\"tr\"},{\"@type\":\"ImageObject\",\"inLanguage\":\"tr\",\"@id\":\"https:\/\/eski.webadresim.com.tr\/youtube-reklamlari\/#primaryimage\",\"url\":\"https:\/\/eski.webadresim.com.tr\/wp-content\/uploads\/2020\/12\/y3.jpg\",\"contentUrl\":\"https:\/\/eski.webadresim.com.tr\/wp-content\/uploads\/2020\/12\/y3.jpg\",\"width\":626,\"height\":417,\"caption\":\"youtube reklamlar\u0131-3\"},{\"@type\":\"WebPage\",\"@id\":\"https:\/\/eski.webadresim.com.tr\/youtube-reklamlari\/\",\"url\":\"https:\/\/eski.webadresim.com.tr\/youtube-reklamlari\/\",\"name\":\"Youtube Reklamlar\u0131 - Web Adresim \u0130nternet Hizmetleri Ve Reklamc\u0131l\u0131k\",\"isPartOf\":{\"@id\":\"https:\/\/eski.webadresim.com.tr\/#website\"},\"primaryImageOfPage\":{\"@id\":\"https:\/\/eski.webadresim.com.tr\/youtube-reklamlari\/#primaryimage\"},\"datePublished\":\"2020-12-06T08:06:01+00:00\",\"dateModified\":\"2021-09-27T08:49:46+00:00\",\"breadcrumb\":{\"@id\":\"https:\/\/eski.webadresim.com.tr\/youtube-reklamlari\/#breadcrumb\"},\"inLanguage\":\"tr\",\"potentialAction\":[{\"@type\":\"ReadAction\",\"target\":[\"https:\/\/eski.webadresim.com.tr\/youtube-reklamlari\/\"]}]},{\"@type\":\"BreadcrumbList\",\"@id\":\"https:\/\/eski.webadresim.com.tr\/youtube-reklamlari\/#breadcrumb\",\"itemListElement\":[{\"@type\":\"ListItem\",\"position\":1,\"name\":\"Ana sayfa\",\"item\":\"https:\/\/eski.webadresim.com.tr\/\"},{\"@type\":\"ListItem\",\"position\":2,\"name\":\"Youtube Reklamlar\u0131\"}]}]}<\/script>\n<!-- \/ Yoast SEO plugin. -->","yoast_head_json":{"title":"YouTube Advertisement","description":"[vc_row css=\". vc_custom_1607178288815 {padding-bottom: 10px! important;}\"][vc_column width=\"1\/2\"][vc_single_image image=\"57147\" img_size=\"full\"][\/vc_column][vc_column width=\"1\/2\"][vc_column_text]YouTube is the world's largest video streaming platfor...","robots":{"index":"index","follow":"follow","max-snippet":"max-snippet:-1","max-image-preview":"max-image-preview:large","max-video-preview":"max-video-preview:-1"},"canonical":"https:\/\/eski.webadresim.com.tr\/youtube-reklamlari\/","og_locale":"tr_TR","og_type":"article","og_title":"YouTube Advertisement","og_description":"[vc_row css=\". vc_custom_1607178288815 {padding-bottom: 10px! important;}\"][vc_column width=\"1\/2\"][vc_single_image image=\"57147\" img_size=\"full\"][\/vc_column][vc_column width=\"1\/2\"][vc_column_text]YouTube is the world's largest video streaming platfor...","og_url":"https:\/\/eski.webadresim.com.tr\/youtube-reklamlari\/","og_site_name":"Web Adresim \u0130nternet Hizmetleri Ve Reklamc\u0131l\u0131k","article_modified_time":"2021-09-27T08:49:46+00:00","og_image":[{"url":"https:\/\/eski.webadresim.com.tr\/wp-content\/uploads\/2020\/12\/y3-300x200.jpg"}],"twitter_card":"summary_large_image","twitter_misc":{"Tahmini okuma s\u00fcresi":"4 dakika"},"schema":{"@context":"https:\/\/schema.org","@graph":[{"@type":"WebSite","@id":"https:\/\/eski.webadresim.com.tr\/#website","url":"https:\/\/eski.webadresim.com.tr\/","name":"Web Adresim \u0130nternet Hizmetleri Ve Reklamc\u0131l\u0131k","description":"Zirveye Uzanan &Ccedil;izgi...","potentialAction":[{"@type":"SearchAction","target":{"@type":"EntryPoint","urlTemplate":"https:\/\/eski.webadresim.com.tr\/?s={search_term_string}"},"query-input":"required name=search_term_string"}],"inLanguage":"tr"},{"@type":"ImageObject","inLanguage":"tr","@id":"https:\/\/eski.webadresim.com.tr\/youtube-reklamlari\/#primaryimage","url":"https:\/\/eski.webadresim.com.tr\/wp-content\/uploads\/2020\/12\/y3.jpg","contentUrl":"https:\/\/eski.webadresim.com.tr\/wp-content\/uploads\/2020\/12\/y3.jpg","width":626,"height":417,"caption":"youtube reklamlar\u0131-3"},{"@type":"WebPage","@id":"https:\/\/eski.webadresim.com.tr\/youtube-reklamlari\/","url":"https:\/\/eski.webadresim.com.tr\/youtube-reklamlari\/","name":"Youtube Reklamlar\u0131 - Web Adresim \u0130nternet Hizmetleri Ve Reklamc\u0131l\u0131k","isPartOf":{"@id":"https:\/\/eski.webadresim.com.tr\/#website"},"primaryImageOfPage":{"@id":"https:\/\/eski.webadresim.com.tr\/youtube-reklamlari\/#primaryimage"},"datePublished":"2020-12-06T08:06:01+00:00","dateModified":"2021-09-27T08:49:46+00:00","breadcrumb":{"@id":"https:\/\/eski.webadresim.com.tr\/youtube-reklamlari\/#breadcrumb"},"inLanguage":"tr","potentialAction":[{"@type":"ReadAction","target":["https:\/\/eski.webadresim.com.tr\/youtube-reklamlari\/"]}]},{"@type":"BreadcrumbList","@id":"https:\/\/eski.webadresim.com.tr\/youtube-reklamlari\/#breadcrumb","itemListElement":[{"@type":"ListItem","position":1,"name":"Ana sayfa","item":"https:\/\/eski.webadresim.com.tr\/"},{"@type":"ListItem","position":2,"name":"Youtube Reklamlar\u0131"}]}]}},"_links":{"self":[{"href":"https:\/\/eski.webadresim.com.tr\/wp-json\/wp\/v2\/pages\/57144"}],"collection":[{"href":"https:\/\/eski.webadresim.com.tr\/wp-json\/wp\/v2\/pages"}],"about":[{"href":"https:\/\/eski.webadresim.com.tr\/wp-json\/wp\/v2\/types\/page"}],"author":[{"embeddable":true,"href":"https:\/\/eski.webadresim.com.tr\/wp-json\/wp\/v2\/users\/1"}],"replies":[{"embeddable":true,"href":"https:\/\/eski.webadresim.com.tr\/wp-json\/wp\/v2\/comments?post=57144"}],"version-history":[{"count":15,"href":"https:\/\/eski.webadresim.com.tr\/wp-json\/wp\/v2\/pages\/57144\/revisions"}],"predecessor-version":[{"id":57767,"href":"https:\/\/eski.webadresim.com.tr\/wp-json\/wp\/v2\/pages\/57144\/revisions\/57767"}],"wp:attachment":[{"href":"https:\/\/eski.webadresim.com.tr\/wp-json\/wp\/v2\/media?parent=57144"}],"curies":[{"name":"wp","href":"https:\/\/api.w.org\/{rel}","templated":true}]}}