{"id":57158,"date":"2020-12-06T08:22:25","date_gmt":"2020-12-06T08:22:25","guid":{"rendered":"https:\/\/eski.webadresim.com.tr\/?page_id=57158"},"modified":"2021-09-27T10:40:41","modified_gmt":"2021-09-27T10:40:41","slug":"linkedin-reklamlari","status":"publish","type":"page","link":"https:\/\/eski.webadresim.com.tr\/en_US\/linkedin-reklamlari\/","title":{"rendered":"LinkedIn Advertisement"},"content":{"rendered":"<p>[vc_row css=&#8221;.vc_custom_1618394936232{padding-bottom: 75px !important;}&#8221;][vc_column width=&#8221;1\/2&#8243;][vc_single_image image=&#8221;57164&#8243; img_size=&#8221;full&#8221;][\/vc_column][vc_column width=&#8221;1\/2&#8243;][vc_column_text]LinkedIn is now a major professional business networking platform. &#8220;How do I reach my audience on LinkedIn? How can I mobilize?&#8221; one of the answers will be &#8220;LinkedIn Ads&#8221;. LinkedIn ads charge ads on clicks and views. So what&#8217;s the best LinkedIn ad model for you? Then let&#8217;s look at LinkedIn ad models together.[\/vc_column_text][\/vc_column][\/vc_row][vc_row][vc_column][vc_single_image image=&#8221;57163&#8243; img_size=&#8221;full&#8221; alignment=&#8221;center&#8221;][vc_empty_space][\/vc_column][\/vc_row][vc_row][vc_column][vc_column_text css=&#8221;.vc_custom_1632738493571{padding-top: 75px !important;padding-bottom: 75px !important;}&#8221;]<\/p>\n<h2 style=\"text-align: center;\"><strong>LinkedIn Ad forms<\/strong><\/h2>\n<p>[\/vc_column_text]<div id=\"ult-carousel-385622110169e39f057d29d\" class=\"ult-carousel-wrapper   ult_horizontal\" data-gutter=\"15\" data-rtl=\"false\" ><div class=\"ult-carousel-339903261469e39f057d157 \" >[vc_column_text]<\/p>\n<section class=\"w100 surecSect\">\n<div class=\"container\">\n<div class=\"w100 surec\">\n<div class=\"surecPage open\">\n<div class=\"surecCont\">\n<div class=\"surecText animated fadeInUp\" data-simplebar=\"\">\n<h3 class=\"module module-fancy-heading tb_ixl2398 \"><span class=\"main-head\"><img loading=\"lazy\" class=\"size-medium wp-image-57161 alignleft\" src=\"https:\/\/eski.webadresim.com.tr\/wp-content\/uploads\/2020\/12\/l2-300x250.jpg\" alt=\"\" width=\"300\" height=\"250\" srcset=\"https:\/\/eski.webadresim.com.tr\/wp-content\/uploads\/2020\/12\/l2-300x250.jpg 300w, https:\/\/eski.webadresim.com.tr\/wp-content\/uploads\/2020\/12\/l2-600x499.jpg 600w, https:\/\/eski.webadresim.com.tr\/wp-content\/uploads\/2020\/12\/l2.jpg 626w\" sizes=\"(max-width: 300px) 100vw, 300px\" \/><\/span><\/h3>\n<h3><strong>Text Ads<\/strong><\/h3>\n<div class=\"module module-text tb_nwih96 \">\n<div class=\"tb_text_wrap\">\n<p>On LinkedIn, it appears at the top and side of both the broadcast pages, the company and the profile. There are usually four of them per page. It is a type of ad that is based solely on text. The ad will attract attention when your audience checks its homepage.<\/p>\n<\/div>\n<\/div>\n<\/div>\n<\/div>\n<\/div>\n<\/div>\n<\/div>\n<\/section>\n<p>[\/vc_column_text][vc_column_text]<\/p>\n<section class=\"w100 surecSect\">\n<div class=\"container\">\n<div class=\"w100 surec\">\n<div class=\"surecPage open\">\n<div class=\"surecCont\">\n<div class=\"surecText animated fadeInUp\" data-simplebar=\"\">\n<h3 class=\"fancy-heading tb-align-center\"><span class=\"main-head\"><img loading=\"lazy\" class=\"size-medium wp-image-57161 alignleft\" src=\"https:\/\/eski.webadresim.com.tr\/wp-content\/uploads\/2020\/12\/l2-300x250.jpg\" alt=\"\" width=\"300\" height=\"250\" srcset=\"https:\/\/eski.webadresim.com.tr\/wp-content\/uploads\/2020\/12\/l2-300x250.jpg 300w, https:\/\/eski.webadresim.com.tr\/wp-content\/uploads\/2020\/12\/l2-600x499.jpg 600w, https:\/\/eski.webadresim.com.tr\/wp-content\/uploads\/2020\/12\/l2.jpg 626w\" sizes=\"(max-width: 300px) 100vw, 300px\" \/><\/span><\/h3>\n<h3><strong>Rotating\u00a0 Ads<\/strong><\/h3>\n<div><\/div>\n<div class=\"module module-text tb_gh2j809 \">\n<div class=\"tb_text_wrap\">\n<p>Rotating ads are used to promote different parts\/services at the same time. Rotating images embody your stories and encourage your audience to join your brand on both desktops and mobile devices.<\/p>\n<\/div>\n<\/div>\n<\/div>\n<\/div>\n<\/div>\n<\/div>\n<\/div>\n<\/section>\n<p>[\/vc_column_text][vc_column_text]<\/p>\n<section class=\"w100 surecSect\">\n<div class=\"container\">\n<div class=\"w100 surec\">\n<div class=\"surecPage open\">\n<div class=\"surecCont\">\n<div class=\"surecText animated fadeInUp\" data-simplebar=\"\">\n<h3 class=\"fancy-heading tb-align-center\"><span class=\"main-head\"><img loading=\"lazy\" class=\"size-medium wp-image-57161 alignleft\" src=\"https:\/\/eski.webadresim.com.tr\/wp-content\/uploads\/2020\/12\/l2-300x250.jpg\" alt=\"\" width=\"300\" height=\"250\" srcset=\"https:\/\/eski.webadresim.com.tr\/wp-content\/uploads\/2020\/12\/l2-300x250.jpg 300w, https:\/\/eski.webadresim.com.tr\/wp-content\/uploads\/2020\/12\/l2-600x499.jpg 600w, https:\/\/eski.webadresim.com.tr\/wp-content\/uploads\/2020\/12\/l2.jpg 626w\" sizes=\"(max-width: 300px) 100vw, 300px\" \/><\/span><\/h3>\n<div class=\"module module-fancy-heading tb_kpzl242 \"><\/div>\n<div class=\"module module-text tb_4pr8242 \">\n<div class=\"tb_text_wrap\">\n<h3><strong>Banner Ads<\/strong><\/h3>\n<p>The use of visuals in banner ads plays a very important role in attracting attention. As with all marketing campaigns, the success of banner campaigns remains creative.<\/p>\n<\/div>\n<\/div>\n<\/div>\n<\/div>\n<\/div>\n<\/div>\n<\/div>\n<\/section>\n<p>[\/vc_column_text][vc_column_text]<\/p>\n<section class=\"w100 surecSect\">\n<div class=\"container\">\n<div class=\"w100 surec\">\n<div class=\"surecPage open\">\n<div class=\"surecCont\">\n<div class=\"surecText animated fadeInUp\" data-simplebar=\"\">\n<h3 class=\"fancy-heading tb-align-center\"><span class=\"main-head\"><img loading=\"lazy\" class=\"size-medium wp-image-57161 alignleft\" src=\"https:\/\/eski.webadresim.com.tr\/wp-content\/uploads\/2020\/12\/l2-300x250.jpg\" alt=\"\" width=\"300\" height=\"250\" srcset=\"https:\/\/eski.webadresim.com.tr\/wp-content\/uploads\/2020\/12\/l2-300x250.jpg 300w, https:\/\/eski.webadresim.com.tr\/wp-content\/uploads\/2020\/12\/l2-600x499.jpg 600w, https:\/\/eski.webadresim.com.tr\/wp-content\/uploads\/2020\/12\/l2.jpg 626w\" sizes=\"(max-width: 300px) 100vw, 300px\" \/><\/span><\/h3>\n<div class=\"module module-fancy-heading tb_kpzl242 \">\n<div class=\"module module-fancy-heading tb_04jz141 \"><\/div>\n<div class=\"module module-text tb_mq5b142 \">\n<div class=\"tb_text_wrap\">\n<h3><strong>Supported Content<\/strong><\/h3>\n<p>For people within your audience, your ad will look like a regular post on the LinkedIn feed. If you use an interesting image and text, you can achieve very effective results.<\/p>\n<\/div>\n<\/div>\n<\/div>\n<\/div>\n<\/div>\n<\/div>\n<\/div>\n<\/div>\n<\/section>\n<p>[\/vc_column_text][vc_column_text]<\/p>\n<section class=\"w100 surecSect\">\n<div class=\"container\">\n<div class=\"w100 surec\">\n<div class=\"surecPage open\">\n<div class=\"surecCont\">\n<div class=\"surecText animated fadeInUp\" data-simplebar=\"\">\n<h3 class=\"fancy-heading tb-align-center\"><span class=\"main-head\"><img loading=\"lazy\" class=\"size-medium wp-image-57161 alignleft\" src=\"https:\/\/eski.webadresim.com.tr\/wp-content\/uploads\/2020\/12\/l2-300x250.jpg\" alt=\"\" width=\"300\" height=\"250\" srcset=\"https:\/\/eski.webadresim.com.tr\/wp-content\/uploads\/2020\/12\/l2-300x250.jpg 300w, https:\/\/eski.webadresim.com.tr\/wp-content\/uploads\/2020\/12\/l2-600x499.jpg 600w, https:\/\/eski.webadresim.com.tr\/wp-content\/uploads\/2020\/12\/l2.jpg 626w\" sizes=\"(max-width: 300px) 100vw, 300px\" \/><\/span><\/h3>\n<div class=\"module module-fancy-heading tb_kpzl242 \">\n<div class=\"module module-fancy-heading tb_04jz141 \">\n<h3><strong>Sponsored InMail <\/strong><\/h3>\n<div class=\"module module-text tb_81vx654 \">\n<div class=\"tb_text_wrap\">\n<p>LinkedIn-sponsored inMail is an app that allows advertisers to reach LinkedIn users by email. This way, you can target the targeted audience you want to reach. LinkedIn-sponsored emails and emails are not sent in the spam box to the target audience. This is because linkedIn email studies are conducted according to a certain period of time. This is a great advantage for brands.<\/p>\n<\/div>\n<\/div>\n<\/div>\n<\/div>\n<\/div>\n<\/div>\n<\/div>\n<\/div>\n<\/div>\n<\/section>\n<p>[\/vc_column_text]<\/div><\/div>\t\t\t<script type=\"text\/javascript\">\n\t\t\t\tjQuery(document).ready(function ($) {\n\t\t\t\t\tif( typeof jQuery('.ult-carousel-339903261469e39f057d157').slick == \"function\"){\n\t\t\t\t\t\t$('.ult-carousel-339903261469e39f057d157').slick({dots: true,autoplay: true,autoplaySpeed: 5000,speed: 300,infinite: true,arrows: true,nextArrow: '<button type=\"button\" role=\"button\" aria-label=\"Next\" style=\"color:#333333; font-size:20px;\" class=\"slick-next default\"><i class=\"ultsl-arrow-right6\"><\/i><\/button>',prevArrow: '<button type=\"button\" role=\"button\" aria-label=\"Previous\" style=\"color:#333333; font-size:20px;\" class=\"slick-prev default\"><i class=\"ultsl-arrow-left6\"><\/i><\/button>',slidesToScroll:1,slidesToShow:1,swipe: true,draggable: true,touchMove: true,pauseOnHover: true,pauseOnFocus: false,responsive: [\n\t\t\t\t\t\t\t{\n\t\t\t\t\t\t\t  breakpoint: 1026,\n\t\t\t\t\t\t\t  settings: {\n\t\t\t\t\t\t\t\tslidesToShow: 1,\n\t\t\t\t\t\t\t\tslidesToScroll: 1,  \n\t\t\t\t\t\t\t  }\n\t\t\t\t\t\t\t},\n\t\t\t\t\t\t\t{\n\t\t\t\t\t\t\t  breakpoint: 1025,\n\t\t\t\t\t\t\t  settings: {\n\t\t\t\t\t\t\t\tslidesToShow: 1,\n\t\t\t\t\t\t\t\tslidesToScroll: 1\n\t\t\t\t\t\t\t  }\n\t\t\t\t\t\t\t},\n\t\t\t\t\t\t\t{\n\t\t\t\t\t\t\t  breakpoint: 760,\n\t\t\t\t\t\t\t  settings: {\n\t\t\t\t\t\t\t\tslidesToShow: 1,\n\t\t\t\t\t\t\t\tslidesToScroll: 1\n\t\t\t\t\t\t\t  }\n\t\t\t\t\t\t\t}\n\t\t\t\t\t\t],pauseOnDotsHover: true,customPaging: function(slider, i) {\n                   return '<i type=\"button\" style= \"color:#333333;\" class=\"ultsl-record\" data-role=\"none\"><\/i>';\n                },});\n\t\t\t\t\t}\n\t\t\t\t});\n\t\t\t<\/script>\n\t\t\t[\/vc_column][\/vc_row][vc_row css=&#8221;.vc_custom_1618394973438{padding-top: 75px !important;padding-bottom: 75px !important;}&#8221;][vc_column][vc_column_text]<\/p>\n<h3><strong>Set Your Goal<\/strong><\/h3>\n<p>For example, will you increase your company&#8217;s brand awareness or advertise your newly opened website? Do you want to show your posts to more company executives on Linkedin, or do you want to get a meeting about your company&#8217;s services by sending InMail to company HR&#8217;s?<\/p>\n<h3><strong>Set Your Audience<\/strong><\/h3>\n<p>LinkedIn ads cost more than ads shared on other social media platforms. That&#8217;s why it&#8217;s so important to choose the right audience.<\/p>\n<p>Now that we have determined our goal and target audience, you can switch from this link <a href=\"https:\/\/business.linkedin.com\/marketing-solutions\/ads\">https:\/\/business.linkedin.com\/marketing-solutions\/ads<\/a><\/p>\n<p>to the site where you will create your advertising campaign.<\/p>\n<p>In the upper-right corner of the page that opens, click &#8220;Create Ads.&#8221;<\/p>\n<h3><strong>Complete Your Information!<\/strong><\/h3>\n<p>If you don&#8217;t have a priority account, you can create it by clicking Open an account. Then, when you fill in the &#8220;Campaigns\/Ads&#8221; sections in a complete way that suits your goals and audience, your ad is ready to be shared.<\/p>\n<p>&nbsp;<\/p>\n<p style=\"text-align: center;\"><em><strong>If you haven&#8217;t decided which linkedin ad models are best for you, or if you want to put this in professional hands, you can get support from Web Adresim, a digital advertising agency.<\/strong><\/em><\/p>\n<p>[\/vc_column_text][vc_empty_space][\/vc_column][\/vc_row][vc_row][vc_column width=&#8221;2\/3&#8243;][vc_column_text]<\/p>\n<h3 style=\"text-align: center;\"><strong><em>Let&#8217;s Open a New Era for Your Brand with Digital Marketing!<\/em><\/strong><\/h3>\n<p>[\/vc_column_text][\/vc_column][vc_column width=&#8221;1\/3&#8243;]<style type=\"text\/css\" data-type=\"the7_shortcodes-inline-css\">#default-btn-961469fd10f5b2fb3db71e301197b0ad.ico-right-side > i {\n  margin-right: 0px;\n  margin-left: 8px;\n}\n#default-btn-961469fd10f5b2fb3db71e301197b0ad > i {\n  margin-right: 8px;\n}\n<\/style><a href=\"https:\/\/eski.webadresim.com.tr\/iletisim\" class=\"default-btn-shortcode dt-btn dt-btn-s link-hover-off btn-inline-left \" id=\"default-btn-961469fd10f5b2fb3db71e301197b0ad\"><span>Contact Us!<\/span><\/a>[\/vc_column][\/vc_row]<\/p>\n","protected":false},"excerpt":{"rendered":"<p>[vc_row css=&#8221;.vc_custom_1618394936232{padding-bottom: 75px !important;}&#8221;][vc_column width=&#8221;1\/2&#8243;][vc_single_image image=&#8221;57164&#8243; img_size=&#8221;full&#8221;][\/vc_column][vc_column width=&#8221;1\/2&#8243;][vc_column_text]LinkedIn is now a major professional business networking&#8230;<\/p>\n","protected":false},"author":1,"featured_media":0,"parent":0,"menu_order":0,"comment_status":"closed","ping_status":"closed","template":"","meta":{"content-type":""},"yoast_head":"<!-- This site is optimized with the Yoast SEO plugin v19.3 - https:\/\/yoast.com\/wordpress\/plugins\/seo\/ -->\n<title>LinkedIn Advertisement<\/title>\n<meta name=\"description\" content=\"[vc_row css=&quot;.vc_custom_1618394936232{padding-bottom: 75px !important;}&quot;][vc_column width=&quot;1\/2&quot;][vc_single_image image=&quot;57164&quot; img_size=&quot;full&quot;][\/vc_column][vc_column width=&quot;1\/2&quot;][vc_column_text]LinkedIn is now a major professional business networking...\" \/>\n<meta name=\"robots\" content=\"index, follow, max-snippet:-1, max-image-preview:large, max-video-preview:-1\" \/>\n<link rel=\"canonical\" href=\"https:\/\/eski.webadresim.com.tr\/linkedin-reklamlari\/\" \/>\n<meta property=\"og:locale\" content=\"tr_TR\" \/>\n<meta property=\"og:type\" content=\"article\" \/>\n<meta property=\"og:title\" content=\"LinkedIn Advertisement\" \/>\n<meta property=\"og:description\" content=\"[vc_row css=&quot;.vc_custom_1618394936232{padding-bottom: 75px !important;}&quot;][vc_column width=&quot;1\/2&quot;][vc_single_image image=&quot;57164&quot; img_size=&quot;full&quot;][\/vc_column][vc_column width=&quot;1\/2&quot;][vc_column_text]LinkedIn is now a major professional business networking...\" \/>\n<meta property=\"og:url\" content=\"https:\/\/eski.webadresim.com.tr\/linkedin-reklamlari\/\" \/>\n<meta property=\"og:site_name\" content=\"Web Adresim \u0130nternet Hizmetleri Ve Reklamc\u0131l\u0131k\" \/>\n<meta property=\"article:modified_time\" content=\"2021-09-27T10:40:41+00:00\" \/>\n<meta property=\"og:image\" content=\"https:\/\/eski.webadresim.com.tr\/wp-content\/uploads\/2020\/12\/l2-300x250.jpg\" \/>\n<meta name=\"twitter:card\" content=\"summary_large_image\" \/>\n<meta name=\"twitter:label1\" content=\"Tahmini okuma s\u00fcresi\" \/>\n\t<meta name=\"twitter:data1\" content=\"4 dakika\" \/>\n<script type=\"application\/ld+json\" class=\"yoast-schema-graph\">{\"@context\":\"https:\/\/schema.org\",\"@graph\":[{\"@type\":\"WebSite\",\"@id\":\"https:\/\/eski.webadresim.com.tr\/#website\",\"url\":\"https:\/\/eski.webadresim.com.tr\/\",\"name\":\"Web Adresim \u0130nternet Hizmetleri Ve Reklamc\u0131l\u0131k\",\"description\":\"Zirveye Uzanan &Ccedil;izgi...\",\"potentialAction\":[{\"@type\":\"SearchAction\",\"target\":{\"@type\":\"EntryPoint\",\"urlTemplate\":\"https:\/\/eski.webadresim.com.tr\/?s={search_term_string}\"},\"query-input\":\"required name=search_term_string\"}],\"inLanguage\":\"tr\"},{\"@type\":\"ImageObject\",\"inLanguage\":\"tr\",\"@id\":\"https:\/\/eski.webadresim.com.tr\/linkedin-reklamlari\/#primaryimage\",\"url\":\"https:\/\/eski.webadresim.com.tr\/wp-content\/uploads\/2020\/12\/l2.jpg\",\"contentUrl\":\"https:\/\/eski.webadresim.com.tr\/wp-content\/uploads\/2020\/12\/l2.jpg\",\"width\":626,\"height\":521,\"caption\":\"linkedin reklamlar\u0131\"},{\"@type\":\"WebPage\",\"@id\":\"https:\/\/eski.webadresim.com.tr\/linkedin-reklamlari\/\",\"url\":\"https:\/\/eski.webadresim.com.tr\/linkedin-reklamlari\/\",\"name\":\"Linkedin Reklamlar\u0131 - Web Adresim \u0130nternet Hizmetleri Ve Reklamc\u0131l\u0131k\",\"isPartOf\":{\"@id\":\"https:\/\/eski.webadresim.com.tr\/#website\"},\"primaryImageOfPage\":{\"@id\":\"https:\/\/eski.webadresim.com.tr\/linkedin-reklamlari\/#primaryimage\"},\"datePublished\":\"2020-12-06T08:22:25+00:00\",\"dateModified\":\"2021-09-27T10:40:41+00:00\",\"breadcrumb\":{\"@id\":\"https:\/\/eski.webadresim.com.tr\/linkedin-reklamlari\/#breadcrumb\"},\"inLanguage\":\"tr\",\"potentialAction\":[{\"@type\":\"ReadAction\",\"target\":[\"https:\/\/eski.webadresim.com.tr\/linkedin-reklamlari\/\"]}]},{\"@type\":\"BreadcrumbList\",\"@id\":\"https:\/\/eski.webadresim.com.tr\/linkedin-reklamlari\/#breadcrumb\",\"itemListElement\":[{\"@type\":\"ListItem\",\"position\":1,\"name\":\"Ana sayfa\",\"item\":\"https:\/\/eski.webadresim.com.tr\/\"},{\"@type\":\"ListItem\",\"position\":2,\"name\":\"Linkedin Reklamlar\u0131\"}]}]}<\/script>\n<!-- \/ Yoast SEO plugin. -->","yoast_head_json":{"title":"LinkedIn Advertisement","description":"[vc_row css=\".vc_custom_1618394936232{padding-bottom: 75px !important;}\"][vc_column width=\"1\/2\"][vc_single_image image=\"57164\" img_size=\"full\"][\/vc_column][vc_column width=\"1\/2\"][vc_column_text]LinkedIn is now a major professional business networking...","robots":{"index":"index","follow":"follow","max-snippet":"max-snippet:-1","max-image-preview":"max-image-preview:large","max-video-preview":"max-video-preview:-1"},"canonical":"https:\/\/eski.webadresim.com.tr\/linkedin-reklamlari\/","og_locale":"tr_TR","og_type":"article","og_title":"LinkedIn Advertisement","og_description":"[vc_row css=\".vc_custom_1618394936232{padding-bottom: 75px !important;}\"][vc_column width=\"1\/2\"][vc_single_image image=\"57164\" img_size=\"full\"][\/vc_column][vc_column width=\"1\/2\"][vc_column_text]LinkedIn is now a major professional business networking...","og_url":"https:\/\/eski.webadresim.com.tr\/linkedin-reklamlari\/","og_site_name":"Web Adresim \u0130nternet Hizmetleri Ve Reklamc\u0131l\u0131k","article_modified_time":"2021-09-27T10:40:41+00:00","og_image":[{"url":"https:\/\/eski.webadresim.com.tr\/wp-content\/uploads\/2020\/12\/l2-300x250.jpg"}],"twitter_card":"summary_large_image","twitter_misc":{"Tahmini okuma s\u00fcresi":"4 dakika"},"schema":{"@context":"https:\/\/schema.org","@graph":[{"@type":"WebSite","@id":"https:\/\/eski.webadresim.com.tr\/#website","url":"https:\/\/eski.webadresim.com.tr\/","name":"Web Adresim \u0130nternet Hizmetleri Ve Reklamc\u0131l\u0131k","description":"Zirveye Uzanan &Ccedil;izgi...","potentialAction":[{"@type":"SearchAction","target":{"@type":"EntryPoint","urlTemplate":"https:\/\/eski.webadresim.com.tr\/?s={search_term_string}"},"query-input":"required name=search_term_string"}],"inLanguage":"tr"},{"@type":"ImageObject","inLanguage":"tr","@id":"https:\/\/eski.webadresim.com.tr\/linkedin-reklamlari\/#primaryimage","url":"https:\/\/eski.webadresim.com.tr\/wp-content\/uploads\/2020\/12\/l2.jpg","contentUrl":"https:\/\/eski.webadresim.com.tr\/wp-content\/uploads\/2020\/12\/l2.jpg","width":626,"height":521,"caption":"linkedin reklamlar\u0131"},{"@type":"WebPage","@id":"https:\/\/eski.webadresim.com.tr\/linkedin-reklamlari\/","url":"https:\/\/eski.webadresim.com.tr\/linkedin-reklamlari\/","name":"Linkedin Reklamlar\u0131 - Web Adresim \u0130nternet Hizmetleri Ve Reklamc\u0131l\u0131k","isPartOf":{"@id":"https:\/\/eski.webadresim.com.tr\/#website"},"primaryImageOfPage":{"@id":"https:\/\/eski.webadresim.com.tr\/linkedin-reklamlari\/#primaryimage"},"datePublished":"2020-12-06T08:22:25+00:00","dateModified":"2021-09-27T10:40:41+00:00","breadcrumb":{"@id":"https:\/\/eski.webadresim.com.tr\/linkedin-reklamlari\/#breadcrumb"},"inLanguage":"tr","potentialAction":[{"@type":"ReadAction","target":["https:\/\/eski.webadresim.com.tr\/linkedin-reklamlari\/"]}]},{"@type":"BreadcrumbList","@id":"https:\/\/eski.webadresim.com.tr\/linkedin-reklamlari\/#breadcrumb","itemListElement":[{"@type":"ListItem","position":1,"name":"Ana sayfa","item":"https:\/\/eski.webadresim.com.tr\/"},{"@type":"ListItem","position":2,"name":"Linkedin Reklamlar\u0131"}]}]}},"_links":{"self":[{"href":"https:\/\/eski.webadresim.com.tr\/wp-json\/wp\/v2\/pages\/57158"}],"collection":[{"href":"https:\/\/eski.webadresim.com.tr\/wp-json\/wp\/v2\/pages"}],"about":[{"href":"https:\/\/eski.webadresim.com.tr\/wp-json\/wp\/v2\/types\/page"}],"author":[{"embeddable":true,"href":"https:\/\/eski.webadresim.com.tr\/wp-json\/wp\/v2\/users\/1"}],"replies":[{"embeddable":true,"href":"https:\/\/eski.webadresim.com.tr\/wp-json\/wp\/v2\/comments?post=57158"}],"version-history":[{"count":18,"href":"https:\/\/eski.webadresim.com.tr\/wp-json\/wp\/v2\/pages\/57158\/revisions"}],"predecessor-version":[{"id":57779,"href":"https:\/\/eski.webadresim.com.tr\/wp-json\/wp\/v2\/pages\/57158\/revisions\/57779"}],"wp:attachment":[{"href":"https:\/\/eski.webadresim.com.tr\/wp-json\/wp\/v2\/media?parent=57158"}],"curies":[{"name":"wp","href":"https:\/\/api.w.org\/{rel}","templated":true}]}}