{"id":57186,"date":"2020-12-06T18:05:13","date_gmt":"2020-12-06T18:05:13","guid":{"rendered":"https:\/\/eski.webadresim.com.tr\/?page_id=57186"},"modified":"2021-09-29T09:17:28","modified_gmt":"2021-09-29T09:17:28","slug":"e-arsiv-fatura","status":"publish","type":"page","link":"https:\/\/eski.webadresim.com.tr\/en_US\/e-arsiv-fatura\/","title":{"rendered":"E-Archive Invoice"},"content":{"rendered":"<p>[vc_row][vc_column width=&#8221;1\/2&#8243;][vc_column_text]<\/p>\n<p>According to the provisions of the Tax Procedure Law, the invoice is a document issued as at least two copies in a paper environment, the first copy (original) is given to the customer, and the second copy is stored by taxpayers in accordance with the provisions of the same Law in the paper environment.<\/p>\n<p>It is the application that allows taxpayers who are not registered in the e-Invoice Application brought with the general communique of the Tax Procedure Law no. 397 to create invoices within the scope of e-Archive Application, send them in paper form and store the second copy of the invoices created electronically and present them when requested in accordance with the conditions in the General Communique of the Tax Procedure Law no. 433.<\/p>\n<p>However, these taxpayers can also communicate the invoices they create within the scope of the e-Archive Application electronically to their customers at the request of the buyer and provided that they use the e-invoice format and standard published on <u>the www.efatura.gov.tr<\/u> internet address and add the printable image of the invoice in request. In this case, the e-Archive Invoice does not need to be printed on paper separately.<\/p>\n<p>Taxpayers who want to benefit from the e-Archive Application must first be registered in the e-invoice application.<\/p>\n<p>[\/vc_column_text][\/vc_column][vc_column width=&#8221;1\/2&#8243;][vc_single_image image=&#8221;57188&#8243; img_size=&#8221;large&#8221;][\/vc_column][\/vc_row][vc_row][vc_column][vc_column_text]<!-- \/wp:paragraph --><a href=\"https:\/\/www.gib.gov.tr\/sites\/default\/files\/fileadmin\/mevzuatek\/vukteb509.pdf\">19.10.2019 e-D\u00f6n\u00fc\u015f\u00fcm ile ilgili zorunlu ge\u00e7i\u015f tarihlerini i\u00e7eren 509 say\u0131l\u0131 VUK Tebli\u011fi Resmi Gazete&#8217;de yay\u0131nland\u0131.<\/a>[\/vc_column_text][\/vc_column][\/vc_row][vc_row css=&#8221;.vc_custom_1618395717347{padding-top: 75px !important;padding-bottom: 75px !important;}&#8221;][vc_column][vc_column_text]<\/p>\n<h2><strong>What are the differences between e-invoice and e-archive invoice?<\/strong><\/h2>\n<p>[\/vc_column_text][\/vc_column][\/vc_row][vc_row css=&#8221;. vc_custom_1607178288815 {padding-bottom: 10px! important;}&#8221;][vc_column width=&#8221;1\/2&#8243;][vc_single_image image=&#8221;57189&#8243; img_size=&#8221;large&#8221;][\/vc_column][vc_column width=&#8221;1\/2&#8243;][vc_column_text]<!-- \/wp:paragraph --><\/p>\n<p>In order to send e-Invoices, the recipient must also be an e-Invoice user. However, it is not mandatory for the recipient to be an e-Invoice user in order to send e-Archive. With the approval of the buyer, you can send your invoices by e-Archive method and you will be free from the obligation to use the paper invoice system. In the e-Archive system, the invoice copy is provided through the integrator company.<\/p>\n<p>[\/vc_column_text][\/vc_column][\/vc_row][vc_column][\/vc_column][vc_column][\/vc_column][vc_row css=&#8221;.vc_custom_1618395697011{padding-top: 75px !important;}&#8221;][vc_column]<style type=\"text\/css\" data-type=\"the7_shortcodes-inline-css\">#default-btn-11bb7fdba87920ca9f8de001126fec9d.ico-right-side > i {\n  margin-right: 0px;\n  margin-left: 8px;\n}\n#default-btn-11bb7fdba87920ca9f8de001126fec9d > i {\n  margin-right: 8px;\n}\n<\/style><div class=\"btn-align-center\"><a href=\"https:\/\/app.ekohesap.com\/signup\" class=\"default-btn-shortcode dt-btn dt-btn-m link-hover-off \" id=\"default-btn-11bb7fdba87920ca9f8de001126fec9d\"><span>Try 14 Days Free Trial!<\/span><\/a><\/div>[\/vc_column][\/vc_row]<\/p>\n","protected":false},"excerpt":{"rendered":"<p>[vc_row][vc_column width=&#8221;1\/2&#8243;][vc_column_text]<\/p>\n<p>According to the provisions of the Tax Procedure Law, the invoice is a document issued as at least two copies in a paper environment, the first copy (original) is given to the customer, and t&#8230;<\/p>\n","protected":false},"author":1,"featured_media":0,"parent":0,"menu_order":0,"comment_status":"closed","ping_status":"closed","template":"","meta":{"content-type":""},"yoast_head":"<!-- This site is optimized with the Yoast SEO plugin v19.3 - https:\/\/yoast.com\/wordpress\/plugins\/seo\/ -->\n<title>E-Archive Invoice<\/title>\n<meta name=\"description\" content=\"[vc_row][vc_column width=&quot;1\/2&quot;][vc_column_text]\r\nAccording to the provisions of the Tax Procedure Law, the invoice is a document issued as at least two copies in a paper environment, the first copy (original) is given to the customer, and t...\" \/>\n<meta name=\"robots\" content=\"index, follow, max-snippet:-1, max-image-preview:large, max-video-preview:-1\" \/>\n<link rel=\"canonical\" href=\"https:\/\/eski.webadresim.com.tr\/e-arsiv-fatura\/\" \/>\n<meta property=\"og:locale\" content=\"tr_TR\" \/>\n<meta property=\"og:type\" content=\"article\" \/>\n<meta property=\"og:title\" content=\"E-Archive Invoice\" \/>\n<meta property=\"og:description\" content=\"[vc_row][vc_column width=&quot;1\/2&quot;][vc_column_text]\r\nAccording to the provisions of the Tax Procedure Law, the invoice is a document issued as at least two copies in a paper environment, the first copy (original) is given to the customer, and t...\" \/>\n<meta property=\"og:url\" content=\"https:\/\/eski.webadresim.com.tr\/e-arsiv-fatura\/\" \/>\n<meta property=\"og:site_name\" content=\"Web Adresim \u0130nternet Hizmetleri Ve Reklamc\u0131l\u0131k\" \/>\n<meta property=\"article:modified_time\" content=\"2021-09-29T09:17:28+00:00\" \/>\n<meta name=\"twitter:card\" content=\"summary_large_image\" \/>\n<meta name=\"twitter:label1\" content=\"Tahmini okuma s\u00fcresi\" \/>\n\t<meta name=\"twitter:data1\" content=\"2 dakika\" \/>\n<script type=\"application\/ld+json\" class=\"yoast-schema-graph\">{\"@context\":\"https:\/\/schema.org\",\"@graph\":[{\"@type\":\"WebSite\",\"@id\":\"https:\/\/eski.webadresim.com.tr\/#website\",\"url\":\"https:\/\/eski.webadresim.com.tr\/\",\"name\":\"Web Adresim \u0130nternet Hizmetleri Ve Reklamc\u0131l\u0131k\",\"description\":\"Zirveye Uzanan &Ccedil;izgi...\",\"potentialAction\":[{\"@type\":\"SearchAction\",\"target\":{\"@type\":\"EntryPoint\",\"urlTemplate\":\"https:\/\/eski.webadresim.com.tr\/?s={search_term_string}\"},\"query-input\":\"required name=search_term_string\"}],\"inLanguage\":\"tr\"},{\"@type\":\"WebPage\",\"@id\":\"https:\/\/eski.webadresim.com.tr\/e-arsiv-fatura\/\",\"url\":\"https:\/\/eski.webadresim.com.tr\/e-arsiv-fatura\/\",\"name\":\"E-Ar\u015fiv Fatura - Web Adresim \u0130nternet Hizmetleri Ve Reklamc\u0131l\u0131k\",\"isPartOf\":{\"@id\":\"https:\/\/eski.webadresim.com.tr\/#website\"},\"datePublished\":\"2020-12-06T18:05:13+00:00\",\"dateModified\":\"2021-09-29T09:17:28+00:00\",\"breadcrumb\":{\"@id\":\"https:\/\/eski.webadresim.com.tr\/e-arsiv-fatura\/#breadcrumb\"},\"inLanguage\":\"tr\",\"potentialAction\":[{\"@type\":\"ReadAction\",\"target\":[\"https:\/\/eski.webadresim.com.tr\/e-arsiv-fatura\/\"]}]},{\"@type\":\"BreadcrumbList\",\"@id\":\"https:\/\/eski.webadresim.com.tr\/e-arsiv-fatura\/#breadcrumb\",\"itemListElement\":[{\"@type\":\"ListItem\",\"position\":1,\"name\":\"Ana sayfa\",\"item\":\"https:\/\/eski.webadresim.com.tr\/\"},{\"@type\":\"ListItem\",\"position\":2,\"name\":\"E-Ar\u015fiv Fatura\"}]}]}<\/script>\n<!-- \/ Yoast SEO plugin. -->","yoast_head_json":{"title":"E-Archive Invoice","description":"[vc_row][vc_column width=\"1\/2\"][vc_column_text]\r\nAccording to the provisions of the Tax Procedure Law, the invoice is a document issued as at least two copies in a paper environment, the first copy (original) is given to the customer, and t...","robots":{"index":"index","follow":"follow","max-snippet":"max-snippet:-1","max-image-preview":"max-image-preview:large","max-video-preview":"max-video-preview:-1"},"canonical":"https:\/\/eski.webadresim.com.tr\/e-arsiv-fatura\/","og_locale":"tr_TR","og_type":"article","og_title":"E-Archive Invoice","og_description":"[vc_row][vc_column width=\"1\/2\"][vc_column_text]\r\nAccording to the provisions of the Tax Procedure Law, the invoice is a document issued as at least two copies in a paper environment, the first copy (original) is given to the customer, and t...","og_url":"https:\/\/eski.webadresim.com.tr\/e-arsiv-fatura\/","og_site_name":"Web Adresim \u0130nternet Hizmetleri Ve Reklamc\u0131l\u0131k","article_modified_time":"2021-09-29T09:17:28+00:00","twitter_card":"summary_large_image","twitter_misc":{"Tahmini okuma s\u00fcresi":"2 dakika"},"schema":{"@context":"https:\/\/schema.org","@graph":[{"@type":"WebSite","@id":"https:\/\/eski.webadresim.com.tr\/#website","url":"https:\/\/eski.webadresim.com.tr\/","name":"Web Adresim \u0130nternet Hizmetleri Ve Reklamc\u0131l\u0131k","description":"Zirveye Uzanan &Ccedil;izgi...","potentialAction":[{"@type":"SearchAction","target":{"@type":"EntryPoint","urlTemplate":"https:\/\/eski.webadresim.com.tr\/?s={search_term_string}"},"query-input":"required name=search_term_string"}],"inLanguage":"tr"},{"@type":"WebPage","@id":"https:\/\/eski.webadresim.com.tr\/e-arsiv-fatura\/","url":"https:\/\/eski.webadresim.com.tr\/e-arsiv-fatura\/","name":"E-Ar\u015fiv Fatura - Web Adresim \u0130nternet Hizmetleri Ve Reklamc\u0131l\u0131k","isPartOf":{"@id":"https:\/\/eski.webadresim.com.tr\/#website"},"datePublished":"2020-12-06T18:05:13+00:00","dateModified":"2021-09-29T09:17:28+00:00","breadcrumb":{"@id":"https:\/\/eski.webadresim.com.tr\/e-arsiv-fatura\/#breadcrumb"},"inLanguage":"tr","potentialAction":[{"@type":"ReadAction","target":["https:\/\/eski.webadresim.com.tr\/e-arsiv-fatura\/"]}]},{"@type":"BreadcrumbList","@id":"https:\/\/eski.webadresim.com.tr\/e-arsiv-fatura\/#breadcrumb","itemListElement":[{"@type":"ListItem","position":1,"name":"Ana sayfa","item":"https:\/\/eski.webadresim.com.tr\/"},{"@type":"ListItem","position":2,"name":"E-Ar\u015fiv Fatura"}]}]}},"_links":{"self":[{"href":"https:\/\/eski.webadresim.com.tr\/wp-json\/wp\/v2\/pages\/57186"}],"collection":[{"href":"https:\/\/eski.webadresim.com.tr\/wp-json\/wp\/v2\/pages"}],"about":[{"href":"https:\/\/eski.webadresim.com.tr\/wp-json\/wp\/v2\/types\/page"}],"author":[{"embeddable":true,"href":"https:\/\/eski.webadresim.com.tr\/wp-json\/wp\/v2\/users\/1"}],"replies":[{"embeddable":true,"href":"https:\/\/eski.webadresim.com.tr\/wp-json\/wp\/v2\/comments?post=57186"}],"version-history":[{"count":16,"href":"https:\/\/eski.webadresim.com.tr\/wp-json\/wp\/v2\/pages\/57186\/revisions"}],"predecessor-version":[{"id":57830,"href":"https:\/\/eski.webadresim.com.tr\/wp-json\/wp\/v2\/pages\/57186\/revisions\/57830"}],"wp:attachment":[{"href":"https:\/\/eski.webadresim.com.tr\/wp-json\/wp\/v2\/media?parent=57186"}],"curies":[{"name":"wp","href":"https:\/\/api.w.org\/{rel}","templated":true}]}}