{"id":57257,"date":"2020-12-06T19:23:08","date_gmt":"2020-12-06T19:23:08","guid":{"rendered":"https:\/\/eski.webadresim.com.tr\/?page_id=57257"},"modified":"2021-09-29T08:52:25","modified_gmt":"2021-09-29T08:52:25","slug":"mobil-uygulama","status":"publish","type":"page","link":"https:\/\/eski.webadresim.com.tr\/en_US\/mobil-uygulama\/","title":{"rendered":"Mobil Application"},"content":{"rendered":"<p>[vc_row][vc_column width=&#8221;1\/2&#8243;][vc_column_text]<!-- \/wp:paragraph --><\/p>\n<p>We Fit Big Ideas in Your Pocket! We understand your needs well and we offer tailor-made solutions with our technology development community consisting of experienced software developers, design, advertising and project managers with extensive industry experience who have been training on mobile technologies in turkey&#8217;s reputable educational institutions for many years.<\/p>\n<ul>\n<li>It offers modern and user-experience designs that work smoothly in all screen resolutions,<\/li>\n<li>We closely follow new mobile technologies and equip your applications with the latest technologies.<\/li>\n<li>We identify what suits your project and develop high-performance software from software languages such as Java, Objective C, Cordova, Node JS.<\/li>\n<li>We prepare training kits that your team can use to speed up the compliance process in on-premises solutions.<\/li>\n<li>iOS, Android, Windows. We create applications that run smoothly on all platforms.<\/li>\n<li>Where necessary, we use the solution provider mechanisms of our powerful partners to contribute to the Project.<\/li>\n<\/ul>\n<p>[\/vc_column_text][\/vc_column][vc_column width=&#8221;1\/2&#8243;][vc_single_image image=&#8221;57260&#8243; img_size=&#8221;large&#8221;][\/vc_column][\/vc_row][vc_row][vc_column css=&#8221;.vc_custom_1618397302065{padding-top: 75px !important;}&#8221;][vc_column_text css_animation=&#8221;pulse&#8221; css=&#8221;.vc_custom_1632841516545{padding-bottom: 75px !important;}&#8221;]<!-- \/wp:paragraph --><\/p>\n<div class=\"av-special-heading av-special-heading-h3 custom-color-heading avia-builder-el-16 el_before_av_textblock avia-builder-el-first text-right\">\n<div class=\"av-special-heading av-special-heading-h3 custom-color-heading avia-builder-el-20 el_before_av_textblock avia-builder-el-first w900\">\n<div class=\"av-special-heading av-special-heading-h3 custom-color-heading avia-builder-el-52 el_before_av_textblock avia-builder-el-first text-right\">\n<div class=\"av-special-heading av-special-heading-h2 custom-color-heading avia-builder-el-28 el_before_av_textblock avia-builder-el-first text-right\">\n<h2 style=\"text-align: center;\"><strong>Web Adresim, The Line to the Top&#8230;<\/strong><\/h2>\n<\/div>\n<\/div>\n<\/div>\n<\/div>\n<p>[\/vc_column_text][vc_column_text]<\/p>\n<p style=\"text-align: center;\">Apps enriched with the latest mobile technologies such as augmented reality, location, instant messaging, voice command, video calling.<\/p>\n<p>[\/vc_column_text][\/vc_column][\/vc_row][vc_row css=&#8221;.vc_custom_1618397251665{padding-top: 75px !important;padding-bottom: 75px !important;}&#8221;][vc_column][vc_single_image image=&#8221;57272&#8243; img_size=&#8221;full&#8221;][\/vc_column][\/vc_row][vc_row][vc_column][vc_column_text css=&#8221;.vc_custom_1632841543727{padding-bottom: 75px !important;}&#8221;]<\/p>\n<h3><strong>Share Your Project, Let&#8217;s Design Your Dream!<\/strong><\/h3>\n<p>[\/vc_column_text]<form class=\"dt-contact-form dt-form\" method=\"post\"><input type=\"hidden\" name=\"widget_id\" value=\"presscore-contact-form-widget--1\" \/><input type=\"hidden\" name=\"send_message\" value=\"\" \/><input type=\"hidden\" name=\"security_token\" value=\"20ab4460ff9fdadb70a8\"\/><div class=\"form-fields\"><span class=\"form-name\"><label class=\"assistive-text\">Ad - Soyad *<\/label><input type=\"text\" class=\"validate[required]\" placeholder=\"Ad - Soyad *\" name=\"name\" value=\"\" aria-required=\"true\">\n<\/span><span class=\"form-mail\"><label class=\"assistive-text\">E-mail<\/label><input type=\"text\" placeholder=\"E-mail\" name=\"email\" value=\"\" aria-required=\"false\">\n<\/span><span class=\"form-telephone\"><label class=\"assistive-text\">Telefon Numaras\u0131 *<\/label><input type=\"text\" class=\"validate[required,custom[phone]]\" placeholder=\"Telefon Numaras\u0131 *\" name=\"telephone\" value=\"\" aria-required=\"true\">\n<\/span><span class=\"form-company\"><label class=\"assistive-text\">\u015eirket *<\/label><input type=\"text\" class=\"validate[required]\" placeholder=\"\u015eirket *\" name=\"company\" value=\"\" aria-required=\"true\">\n<\/span><\/div><p><a href=\"#\" class=\"dt-btn dt-btn-m dt-btn-submit\" rel=\"nofollow\"><span>Send Message<\/span><\/a><input class=\"assistive-text\" type=\"submit\" value=\"submit\"><\/p><\/form>\n[\/vc_column][\/vc_row]<\/p>\n","protected":false},"excerpt":{"rendered":"<p>[vc_row][vc_column width=&#8221;1\/2&#8243;][vc_column_text]<!-- \/wp:paragraph --><\/p>\n<p>We Fit Big Ideas in Your Pocket! We understand your needs well and we offer tailor-made solutions with our technology development community consisting of experienced software de&#8230;<\/p>\n","protected":false},"author":1,"featured_media":0,"parent":0,"menu_order":0,"comment_status":"closed","ping_status":"closed","template":"","meta":{"content-type":""},"yoast_head":"<!-- This site is optimized with the Yoast SEO plugin v19.3 - https:\/\/yoast.com\/wordpress\/plugins\/seo\/ -->\n<title>Mobil Application<\/title>\n<meta name=\"description\" content=\"[vc_row][vc_column width=&quot;1\/2&quot;][vc_column_text]\r\n\r\nWe Fit Big Ideas in Your Pocket! We understand your needs well and we offer tailor-made solutions with our technology development community consisting of experienced software de...\" \/>\n<meta name=\"robots\" content=\"index, follow, max-snippet:-1, max-image-preview:large, max-video-preview:-1\" \/>\n<link rel=\"canonical\" href=\"https:\/\/eski.webadresim.com.tr\/mobil-uygulama\/\" \/>\n<meta property=\"og:locale\" content=\"tr_TR\" \/>\n<meta property=\"og:type\" content=\"article\" \/>\n<meta property=\"og:title\" content=\"Mobil Application\" \/>\n<meta property=\"og:description\" content=\"[vc_row][vc_column width=&quot;1\/2&quot;][vc_column_text]\r\n\r\nWe Fit Big Ideas in Your Pocket! We understand your needs well and we offer tailor-made solutions with our technology development community consisting of experienced software de...\" \/>\n<meta property=\"og:url\" content=\"https:\/\/eski.webadresim.com.tr\/mobil-uygulama\/\" \/>\n<meta property=\"og:site_name\" content=\"Web Adresim \u0130nternet Hizmetleri Ve Reklamc\u0131l\u0131k\" \/>\n<meta property=\"article:modified_time\" content=\"2021-09-29T08:52:25+00:00\" \/>\n<meta name=\"twitter:card\" content=\"summary_large_image\" \/>\n<meta name=\"twitter:label1\" content=\"Tahmini okuma s\u00fcresi\" \/>\n\t<meta name=\"twitter:data1\" content=\"1 dakika\" \/>\n<script type=\"application\/ld+json\" class=\"yoast-schema-graph\">{\"@context\":\"https:\/\/schema.org\",\"@graph\":[{\"@type\":\"WebSite\",\"@id\":\"https:\/\/eski.webadresim.com.tr\/#website\",\"url\":\"https:\/\/eski.webadresim.com.tr\/\",\"name\":\"Web Adresim \u0130nternet Hizmetleri Ve Reklamc\u0131l\u0131k\",\"description\":\"Zirveye Uzanan &Ccedil;izgi...\",\"potentialAction\":[{\"@type\":\"SearchAction\",\"target\":{\"@type\":\"EntryPoint\",\"urlTemplate\":\"https:\/\/eski.webadresim.com.tr\/?s={search_term_string}\"},\"query-input\":\"required name=search_term_string\"}],\"inLanguage\":\"tr\"},{\"@type\":\"WebPage\",\"@id\":\"https:\/\/eski.webadresim.com.tr\/mobil-uygulama\/\",\"url\":\"https:\/\/eski.webadresim.com.tr\/mobil-uygulama\/\",\"name\":\"Mobil Uygulama - Web Adresim \u0130nternet Hizmetleri Ve Reklamc\u0131l\u0131k\",\"isPartOf\":{\"@id\":\"https:\/\/eski.webadresim.com.tr\/#website\"},\"datePublished\":\"2020-12-06T19:23:08+00:00\",\"dateModified\":\"2021-09-29T08:52:25+00:00\",\"breadcrumb\":{\"@id\":\"https:\/\/eski.webadresim.com.tr\/mobil-uygulama\/#breadcrumb\"},\"inLanguage\":\"tr\",\"potentialAction\":[{\"@type\":\"ReadAction\",\"target\":[\"https:\/\/eski.webadresim.com.tr\/mobil-uygulama\/\"]}]},{\"@type\":\"BreadcrumbList\",\"@id\":\"https:\/\/eski.webadresim.com.tr\/mobil-uygulama\/#breadcrumb\",\"itemListElement\":[{\"@type\":\"ListItem\",\"position\":1,\"name\":\"Ana sayfa\",\"item\":\"https:\/\/eski.webadresim.com.tr\/\"},{\"@type\":\"ListItem\",\"position\":2,\"name\":\"Mobil Uygulama\"}]}]}<\/script>\n<!-- \/ Yoast SEO plugin. -->","yoast_head_json":{"title":"Mobil Application","description":"[vc_row][vc_column width=\"1\/2\"][vc_column_text]\r\n\r\nWe Fit Big Ideas in Your Pocket! We understand your needs well and we offer tailor-made solutions with our technology development community consisting of experienced software de...","robots":{"index":"index","follow":"follow","max-snippet":"max-snippet:-1","max-image-preview":"max-image-preview:large","max-video-preview":"max-video-preview:-1"},"canonical":"https:\/\/eski.webadresim.com.tr\/mobil-uygulama\/","og_locale":"tr_TR","og_type":"article","og_title":"Mobil Application","og_description":"[vc_row][vc_column width=\"1\/2\"][vc_column_text]\r\n\r\nWe Fit Big Ideas in Your Pocket! We understand your needs well and we offer tailor-made solutions with our technology development community consisting of experienced software de...","og_url":"https:\/\/eski.webadresim.com.tr\/mobil-uygulama\/","og_site_name":"Web Adresim \u0130nternet Hizmetleri Ve Reklamc\u0131l\u0131k","article_modified_time":"2021-09-29T08:52:25+00:00","twitter_card":"summary_large_image","twitter_misc":{"Tahmini okuma s\u00fcresi":"1 dakika"},"schema":{"@context":"https:\/\/schema.org","@graph":[{"@type":"WebSite","@id":"https:\/\/eski.webadresim.com.tr\/#website","url":"https:\/\/eski.webadresim.com.tr\/","name":"Web Adresim \u0130nternet Hizmetleri Ve Reklamc\u0131l\u0131k","description":"Zirveye Uzanan &Ccedil;izgi...","potentialAction":[{"@type":"SearchAction","target":{"@type":"EntryPoint","urlTemplate":"https:\/\/eski.webadresim.com.tr\/?s={search_term_string}"},"query-input":"required name=search_term_string"}],"inLanguage":"tr"},{"@type":"WebPage","@id":"https:\/\/eski.webadresim.com.tr\/mobil-uygulama\/","url":"https:\/\/eski.webadresim.com.tr\/mobil-uygulama\/","name":"Mobil Uygulama - Web Adresim \u0130nternet Hizmetleri Ve Reklamc\u0131l\u0131k","isPartOf":{"@id":"https:\/\/eski.webadresim.com.tr\/#website"},"datePublished":"2020-12-06T19:23:08+00:00","dateModified":"2021-09-29T08:52:25+00:00","breadcrumb":{"@id":"https:\/\/eski.webadresim.com.tr\/mobil-uygulama\/#breadcrumb"},"inLanguage":"tr","potentialAction":[{"@type":"ReadAction","target":["https:\/\/eski.webadresim.com.tr\/mobil-uygulama\/"]}]},{"@type":"BreadcrumbList","@id":"https:\/\/eski.webadresim.com.tr\/mobil-uygulama\/#breadcrumb","itemListElement":[{"@type":"ListItem","position":1,"name":"Ana sayfa","item":"https:\/\/eski.webadresim.com.tr\/"},{"@type":"ListItem","position":2,"name":"Mobil Uygulama"}]}]}},"_links":{"self":[{"href":"https:\/\/eski.webadresim.com.tr\/wp-json\/wp\/v2\/pages\/57257"}],"collection":[{"href":"https:\/\/eski.webadresim.com.tr\/wp-json\/wp\/v2\/pages"}],"about":[{"href":"https:\/\/eski.webadresim.com.tr\/wp-json\/wp\/v2\/types\/page"}],"author":[{"embeddable":true,"href":"https:\/\/eski.webadresim.com.tr\/wp-json\/wp\/v2\/users\/1"}],"replies":[{"embeddable":true,"href":"https:\/\/eski.webadresim.com.tr\/wp-json\/wp\/v2\/comments?post=57257"}],"version-history":[{"count":18,"href":"https:\/\/eski.webadresim.com.tr\/wp-json\/wp\/v2\/pages\/57257\/revisions"}],"predecessor-version":[{"id":57803,"href":"https:\/\/eski.webadresim.com.tr\/wp-json\/wp\/v2\/pages\/57257\/revisions\/57803"}],"wp:attachment":[{"href":"https:\/\/eski.webadresim.com.tr\/wp-json\/wp\/v2\/media?parent=57257"}],"curies":[{"name":"wp","href":"https:\/\/api.w.org\/{rel}","templated":true}]}}