{"id":57275,"date":"2020-12-06T19:45:41","date_gmt":"2020-12-06T19:45:41","guid":{"rendered":"https:\/\/eski.webadresim.com.tr\/?page_id=57275"},"modified":"2021-09-28T14:47:47","modified_gmt":"2021-09-28T14:47:47","slug":"web-tabanli-yazilim","status":"publish","type":"page","link":"https:\/\/eski.webadresim.com.tr\/en_US\/web-tabanli-yazilim\/","title":{"rendered":"Web-Based Software"},"content":{"rendered":"<p>[vc_row][vc_column][vc_column_text]<\/p>\n<h2><strong>Web-Based Software<\/strong><\/h2>\n<p>[\/vc_column_text][\/vc_column][\/vc_row][vc_row][vc_column width=&#8221;1\/2&#8243;][vc_column_text]<!-- \/wp:paragraph --><\/p>\n<div class=\"FntNbk sabaslik\">\n<p>Grow your business with professional and enterprise internet software.<\/p>\n<p>Web-Based Software are browser-based applications that run between the server and the client.<\/p>\n<p>Web based software can be accessed through a different server than desktop programs, i.e. software that can be processed without the need to install programs from any computer.<\/p>\n<p>By opting for Web-based software;<\/p>\n<\/div>\n<div class=\"govde\">\n<ul>\n<li>Access and process all your data from one end of the world to the other,<\/li>\n<li>You can get rid of updates to desktop software and computer load overlays.<\/li>\n<li>In addition, with server-side updates and innovations, all users can use the latest version<strong>.<\/strong><\/li>\n<\/ul>\n<\/div>\n<p>[\/vc_column_text][\/vc_column][vc_column width=&#8221;1\/2&#8243;][vc_single_image image=&#8221;57277&#8243; img_size=&#8221;large&#8221;][\/vc_column][\/vc_row][vc_row css=&#8221;.vc_custom_1618398240573{padding-top: 75px !important;padding-bottom: 75px !important;}&#8221;][vc_column][vc_column_text]<\/p>\n<p style=\"text-align: center;\"><strong>WORKING PR\u0130NC\u0130PLES OF WEB-BASED SOFTWARE<\/strong><\/p>\n<p style=\"text-align: center;\">We have determined that these softwares are browser-based applications. Naturally, good web based software is expected to work in accordance with all browsers.\u00a0 The application processes server-side code and the information it receives in the database and delivers it to the user side through the TCP protocol. Web browsers take over the operation and display of user-side pages.<\/p>\n<p style=\"text-align: center;\">Web Adresim&#8217;s web based software team consists of a dynamic and experienced team that has signed different web software projects. Sometimes our projects come across as a news site, sometimes as an e-commerce site, sometimes different applications such as a business tracking system, zoning tracking system, erp systems.<\/p>\n<p style=\"text-align: center;\">Our company, which has made customer and result-oriented work a principle, has made it a style to reach the desired goal to a minimum increase and to use neither current technologies.<\/p>\n<p>[\/vc_column_text][\/vc_column][\/vc_row][vc_row][vc_column][vc_column_text css_animation=&#8221;pulse&#8221;]<!-- \/wp:paragraph --><\/p>\n<div class=\"av-special-heading av-special-heading-h3 custom-color-heading avia-builder-el-16 el_before_av_textblock avia-builder-el-first text-right\">\n<div class=\"av-special-heading av-special-heading-h3 custom-color-heading avia-builder-el-20 el_before_av_textblock avia-builder-el-first w900\">\n<div class=\"av-special-heading av-special-heading-h3 custom-color-heading avia-builder-el-52 el_before_av_textblock avia-builder-el-first text-right\">\n<div class=\"av-special-heading av-special-heading-h2 custom-color-heading avia-builder-el-28 el_before_av_textblock avia-builder-el-first text-right\">\n<p style=\"text-align: center;\"><strong>Web Adresim, The Line to the Top&#8230;<\/strong><\/p>\n<\/div>\n<\/div>\n<\/div>\n<\/div>\n<p>[\/vc_column_text][vc_single_image image=&#8221;57279&#8243; img_size=&#8221;full&#8221; alignment=&#8221;center&#8221; css=&#8221;.vc_custom_1618398251654{padding-top: 75px !important;padding-bottom: 75px !important;}&#8221;][\/vc_column][\/vc_row][vc_row][vc_column][vc_column_text css=&#8221;.vc_custom_1632840439244{padding-bottom: 75px !important;}&#8221;]<\/p>\n<h3><strong>Share Your Project, Let&#8217;s Design Your Dream!<\/strong><\/h3>\n<p>[\/vc_column_text]<form class=\"dt-contact-form dt-form\" method=\"post\"><input type=\"hidden\" name=\"widget_id\" value=\"presscore-contact-form-widget--1\" \/><input type=\"hidden\" name=\"send_message\" value=\"\" \/><input type=\"hidden\" name=\"security_token\" value=\"20ab4460ff9fdadb70a8\"\/><div class=\"form-fields\"><span class=\"form-name\"><label class=\"assistive-text\">Ad - Soyad *<\/label><input type=\"text\" class=\"validate[required]\" placeholder=\"Ad - Soyad *\" name=\"name\" value=\"\" aria-required=\"true\">\n<\/span><span class=\"form-mail\"><label class=\"assistive-text\">E-mail<\/label><input type=\"text\" placeholder=\"E-mail\" name=\"email\" value=\"\" aria-required=\"false\">\n<\/span><span class=\"form-telephone\"><label class=\"assistive-text\">Telefon Numaras\u0131 *<\/label><input type=\"text\" class=\"validate[required,custom[phone]]\" placeholder=\"Telefon Numaras\u0131 *\" name=\"telephone\" value=\"\" aria-required=\"true\">\n<\/span><span class=\"form-company\"><label class=\"assistive-text\">\u015eirket *<\/label><input type=\"text\" class=\"validate[required]\" placeholder=\"\u015eirket *\" name=\"company\" value=\"\" aria-required=\"true\">\n<\/span><\/div><p><a href=\"#\" class=\"dt-btn dt-btn-m dt-btn-submit\" rel=\"nofollow\"><span>Send Message<\/span><\/a><input class=\"assistive-text\" type=\"submit\" value=\"submit\"><\/p><\/form>\n[\/vc_column][\/vc_row]<\/p>\n","protected":false},"excerpt":{"rendered":"<p>[vc_row][vc_column][vc_column_text]<\/p>\n<h2><strong>Web-Based Software<\/strong><\/h2>\n<p>[\/vc_column_text][\/vc_column][\/vc_row][vc_row][vc_column width=&#8221;1\/2&#8243;][vc_column_text]<!-- \/wp:paragraph --><\/p>\n<div class=\"FntNbk sabaslik\">\n<p>Grow your business with p&#8230;<\/p>\n","protected":false},"author":1,"featured_media":0,"parent":0,"menu_order":0,"comment_status":"closed","ping_status":"closed","template":"","meta":{"content-type":""},"yoast_head":"<!-- This site is optimized with the Yoast SEO plugin v19.3 - https:\/\/yoast.com\/wordpress\/plugins\/seo\/ -->\n<title>Web-Based Software<\/title>\n<meta name=\"description\" content=\"[vc_row][vc_column][vc_column_text]\r\nWeb-Based Software\r\n[\/vc_column_text][\/vc_column][\/vc_row][vc_row][vc_column width=&quot;1\/2&quot;][vc_column_text]\r\n\r\n\r\nGrow your business with p...\" \/>\n<meta name=\"robots\" content=\"index, follow, max-snippet:-1, max-image-preview:large, max-video-preview:-1\" \/>\n<link rel=\"canonical\" href=\"https:\/\/eski.webadresim.com.tr\/web-tabanli-yazilim\/\" \/>\n<meta property=\"og:locale\" content=\"tr_TR\" \/>\n<meta property=\"og:type\" content=\"article\" \/>\n<meta property=\"og:title\" content=\"Web-Based Software\" \/>\n<meta property=\"og:description\" content=\"[vc_row][vc_column][vc_column_text]\r\nWeb-Based Software\r\n[\/vc_column_text][\/vc_column][\/vc_row][vc_row][vc_column width=&quot;1\/2&quot;][vc_column_text]\r\n\r\n\r\nGrow your business with p...\" \/>\n<meta property=\"og:url\" content=\"https:\/\/eski.webadresim.com.tr\/web-tabanli-yazilim\/\" \/>\n<meta property=\"og:site_name\" content=\"Web Adresim \u0130nternet Hizmetleri Ve Reklamc\u0131l\u0131k\" \/>\n<meta property=\"article:modified_time\" content=\"2021-09-28T14:47:47+00:00\" \/>\n<meta name=\"twitter:card\" content=\"summary_large_image\" \/>\n<meta name=\"twitter:label1\" content=\"Tahmini okuma s\u00fcresi\" \/>\n\t<meta name=\"twitter:data1\" content=\"2 dakika\" \/>\n<script type=\"application\/ld+json\" class=\"yoast-schema-graph\">{\"@context\":\"https:\/\/schema.org\",\"@graph\":[{\"@type\":\"WebSite\",\"@id\":\"https:\/\/eski.webadresim.com.tr\/#website\",\"url\":\"https:\/\/eski.webadresim.com.tr\/\",\"name\":\"Web Adresim \u0130nternet Hizmetleri Ve Reklamc\u0131l\u0131k\",\"description\":\"Zirveye Uzanan &Ccedil;izgi...\",\"potentialAction\":[{\"@type\":\"SearchAction\",\"target\":{\"@type\":\"EntryPoint\",\"urlTemplate\":\"https:\/\/eski.webadresim.com.tr\/?s={search_term_string}\"},\"query-input\":\"required name=search_term_string\"}],\"inLanguage\":\"tr\"},{\"@type\":\"WebPage\",\"@id\":\"https:\/\/eski.webadresim.com.tr\/web-tabanli-yazilim\/\",\"url\":\"https:\/\/eski.webadresim.com.tr\/web-tabanli-yazilim\/\",\"name\":\"Web Tabanl\u0131 Yaz\u0131l\u0131m - Web Adresim \u0130nternet Hizmetleri Ve Reklamc\u0131l\u0131k\",\"isPartOf\":{\"@id\":\"https:\/\/eski.webadresim.com.tr\/#website\"},\"datePublished\":\"2020-12-06T19:45:41+00:00\",\"dateModified\":\"2021-09-28T14:47:47+00:00\",\"breadcrumb\":{\"@id\":\"https:\/\/eski.webadresim.com.tr\/web-tabanli-yazilim\/#breadcrumb\"},\"inLanguage\":\"tr\",\"potentialAction\":[{\"@type\":\"ReadAction\",\"target\":[\"https:\/\/eski.webadresim.com.tr\/web-tabanli-yazilim\/\"]}]},{\"@type\":\"BreadcrumbList\",\"@id\":\"https:\/\/eski.webadresim.com.tr\/web-tabanli-yazilim\/#breadcrumb\",\"itemListElement\":[{\"@type\":\"ListItem\",\"position\":1,\"name\":\"Ana sayfa\",\"item\":\"https:\/\/eski.webadresim.com.tr\/\"},{\"@type\":\"ListItem\",\"position\":2,\"name\":\"Web Tabanl\u0131 Yaz\u0131l\u0131m\"}]}]}<\/script>\n<!-- \/ Yoast SEO plugin. -->","yoast_head_json":{"title":"Web-Based Software","description":"[vc_row][vc_column][vc_column_text]\r\nWeb-Based Software\r\n[\/vc_column_text][\/vc_column][\/vc_row][vc_row][vc_column width=\"1\/2\"][vc_column_text]\r\n\r\n\r\nGrow your business with p...","robots":{"index":"index","follow":"follow","max-snippet":"max-snippet:-1","max-image-preview":"max-image-preview:large","max-video-preview":"max-video-preview:-1"},"canonical":"https:\/\/eski.webadresim.com.tr\/web-tabanli-yazilim\/","og_locale":"tr_TR","og_type":"article","og_title":"Web-Based Software","og_description":"[vc_row][vc_column][vc_column_text]\r\nWeb-Based Software\r\n[\/vc_column_text][\/vc_column][\/vc_row][vc_row][vc_column width=\"1\/2\"][vc_column_text]\r\n\r\n\r\nGrow your business with p...","og_url":"https:\/\/eski.webadresim.com.tr\/web-tabanli-yazilim\/","og_site_name":"Web Adresim \u0130nternet Hizmetleri Ve Reklamc\u0131l\u0131k","article_modified_time":"2021-09-28T14:47:47+00:00","twitter_card":"summary_large_image","twitter_misc":{"Tahmini okuma s\u00fcresi":"2 dakika"},"schema":{"@context":"https:\/\/schema.org","@graph":[{"@type":"WebSite","@id":"https:\/\/eski.webadresim.com.tr\/#website","url":"https:\/\/eski.webadresim.com.tr\/","name":"Web Adresim \u0130nternet Hizmetleri Ve Reklamc\u0131l\u0131k","description":"Zirveye Uzanan &Ccedil;izgi...","potentialAction":[{"@type":"SearchAction","target":{"@type":"EntryPoint","urlTemplate":"https:\/\/eski.webadresim.com.tr\/?s={search_term_string}"},"query-input":"required name=search_term_string"}],"inLanguage":"tr"},{"@type":"WebPage","@id":"https:\/\/eski.webadresim.com.tr\/web-tabanli-yazilim\/","url":"https:\/\/eski.webadresim.com.tr\/web-tabanli-yazilim\/","name":"Web Tabanl\u0131 Yaz\u0131l\u0131m - Web Adresim \u0130nternet Hizmetleri Ve Reklamc\u0131l\u0131k","isPartOf":{"@id":"https:\/\/eski.webadresim.com.tr\/#website"},"datePublished":"2020-12-06T19:45:41+00:00","dateModified":"2021-09-28T14:47:47+00:00","breadcrumb":{"@id":"https:\/\/eski.webadresim.com.tr\/web-tabanli-yazilim\/#breadcrumb"},"inLanguage":"tr","potentialAction":[{"@type":"ReadAction","target":["https:\/\/eski.webadresim.com.tr\/web-tabanli-yazilim\/"]}]},{"@type":"BreadcrumbList","@id":"https:\/\/eski.webadresim.com.tr\/web-tabanli-yazilim\/#breadcrumb","itemListElement":[{"@type":"ListItem","position":1,"name":"Ana sayfa","item":"https:\/\/eski.webadresim.com.tr\/"},{"@type":"ListItem","position":2,"name":"Web Tabanl\u0131 Yaz\u0131l\u0131m"}]}]}},"_links":{"self":[{"href":"https:\/\/eski.webadresim.com.tr\/wp-json\/wp\/v2\/pages\/57275"}],"collection":[{"href":"https:\/\/eski.webadresim.com.tr\/wp-json\/wp\/v2\/pages"}],"about":[{"href":"https:\/\/eski.webadresim.com.tr\/wp-json\/wp\/v2\/types\/page"}],"author":[{"embeddable":true,"href":"https:\/\/eski.webadresim.com.tr\/wp-json\/wp\/v2\/users\/1"}],"replies":[{"embeddable":true,"href":"https:\/\/eski.webadresim.com.tr\/wp-json\/wp\/v2\/comments?post=57275"}],"version-history":[{"count":11,"href":"https:\/\/eski.webadresim.com.tr\/wp-json\/wp\/v2\/pages\/57275\/revisions"}],"predecessor-version":[{"id":57795,"href":"https:\/\/eski.webadresim.com.tr\/wp-json\/wp\/v2\/pages\/57275\/revisions\/57795"}],"wp:attachment":[{"href":"https:\/\/eski.webadresim.com.tr\/wp-json\/wp\/v2\/media?parent=57275"}],"curies":[{"name":"wp","href":"https:\/\/api.w.org\/{rel}","templated":true}]}}