{"id":57284,"date":"2020-12-06T19:53:27","date_gmt":"2020-12-06T19:53:27","guid":{"rendered":"https:\/\/eski.webadresim.com.tr\/?page_id=57284"},"modified":"2021-09-28T15:01:47","modified_gmt":"2021-09-28T15:01:47","slug":"logo-tasarimi","status":"publish","type":"page","link":"https:\/\/eski.webadresim.com.tr\/en_US\/logo-tasarimi\/","title":{"rendered":"Logo Design"},"content":{"rendered":"<p>[vc_row css=&#8221;. vc_custom_1607178288815 {padding-bottom: 10px! important;}&#8221;][vc_column width=&#8221;1\/2&#8243;][vc_column_text]<!-- \/wp:paragraph --><\/p>\n<p>Logo designs, which will be the identity of your company, always take you to the forefront one more step. In this sense, you and your logo design processes will be able to capture the quality and you will always be in the mind of your customers according to the logos that we will prepare specially for you. The most important factor in the field of visual media is to keep in mind is that your company is your company when it showed the design of your company&#8217;s logo. Our professional logo works related to all sectors are guaranteed to like. As Web Adresim, we are proud to be the most reliable logo design company in Turkey.[\/vc_column_text][\/vc_column][vc_column width=&#8221;1\/2&#8243;][vc_single_image image=&#8221;57289&#8243; img_size=&#8221;full&#8221;][\/vc_column][\/vc_row][vc_row css=&#8221;.vc_custom_1618399475152{padding-top: 75px !important;}&#8221;][vc_column][vc_column_text css=&#8221;.vc_custom_1632841086613{padding-bottom: 75px !important;}&#8221;]<\/p>\n<h3 style=\"text-align: center;\"><strong>Why Is Logo Design Important?<\/strong><\/h3>\n<p>[\/vc_column_text][vc_column_text]<\/p>\n<p style=\"text-align: center;\">Today, the importance of marketing activities is increasing day by day and this increase causes companies to move to different areas. One of these areas is logo design service. So, what is the importance of logo design service?<\/p>\n<p>[\/vc_column_text][\/vc_column][\/vc_row][vc_row css=&#8221;.vc_custom_1618399485420{padding-bottom: 75px !important;}&#8221;][vc_column width=&#8221;1\/2&#8243;][vc_single_image image=&#8221;57286&#8243; img_size=&#8221;large&#8221;][\/vc_column][vc_column width=&#8221;1\/2&#8243;][vc_column_text]\u00b7\u00a0 \u00a0 \u00a0 A logo is your identity and the way you project yourself.<\/p>\n<p>\u00b7\u00a0 \u00a0 With the logo, you can stay in the minds of your customers.<\/p>\n<p>\u00b7\u00a0 \u00a0By using your logo in your promotional and marketing activities, you can highlight your industry experience.<\/p>\n<p>\u00b7\u00a0 \u00a0 \u00a0 Logos printed on cups, bags or small paper will always be in the use of your customers, so it will always be in front of their eyes.<\/p>\n<p>\u00b7\u00a0 \u00a0 \u00a0 You can express yourself with the pattern, color and content of your logo.<\/p>\n<p>\u00b7\u00a0 \u00a0 \u00a0With the logo, you can project your corporate identity to the environment.<\/p>\n<p>\u00b7\u00a0 \u00a0 You can differentiate yourself from your competitors with a logo that reflects you.<\/p>\n<p>\u00b7\u00a0 \u00a0 With a logo suitable for your workspace, you have the chance to prove yourself more easily to the audience in the target market.<\/p>\n<p>\u00b7\u00a0 \u00a0 \u00a0You can bring a service that you can describe in hundreds of words to the target audience with a single logo that reflects you.[\/vc_column_text][\/vc_column][\/vc_row][vc_row css=&#8221;.vc_custom_1618399492241{padding-bottom: 75px !important;}&#8221;][vc_column][vc_column_text css_animation=&#8221;pulse&#8221;]<!-- \/wp:paragraph --><\/p>\n<div class=\"av-special-heading av-special-heading-h3 custom-color-heading avia-builder-el-16 el_before_av_textblock avia-builder-el-first text-right\">\n<div class=\"av-special-heading av-special-heading-h3 custom-color-heading avia-builder-el-20 el_before_av_textblock avia-builder-el-first w900\">\n<div class=\"av-special-heading av-special-heading-h3 custom-color-heading avia-builder-el-52 el_before_av_textblock avia-builder-el-first text-right\">\n<div class=\"av-special-heading av-special-heading-h2 custom-color-heading avia-builder-el-28 el_before_av_textblock avia-builder-el-first text-right\">\n<h2 style=\"text-align: center;\"><strong>Web Adresim, The Line to the Top&#8230;<\/strong><\/h2>\n<\/div>\n<\/div>\n<\/div>\n<\/div>\n<p>[\/vc_column_text][\/vc_column][\/vc_row][vc_row css=&#8221;.vc_custom_1618399508226{padding-bottom: 75px !important;}&#8221;][vc_column][vc_column_text css=&#8221;.vc_custom_1632841269741{padding-bottom: 75px !important;}&#8221;]<\/p>\n<h3><strong>Share Your Project, Let&#8217;s Design Your Dream!<\/strong><\/h3>\n<p>[\/vc_column_text]<form class=\"dt-contact-form dt-form\" method=\"post\"><input type=\"hidden\" name=\"widget_id\" value=\"presscore-contact-form-widget--1\" \/><input type=\"hidden\" name=\"send_message\" value=\"\" \/><input type=\"hidden\" name=\"security_token\" value=\"20ab4460ff9fdadb70a8\"\/><div class=\"form-fields\"><span class=\"form-name\"><label class=\"assistive-text\">Ad - Soyad *<\/label><input type=\"text\" class=\"validate[required]\" placeholder=\"Ad - Soyad *\" name=\"name\" value=\"\" aria-required=\"true\">\n<\/span><span class=\"form-mail\"><label class=\"assistive-text\">E-mail<\/label><input type=\"text\" placeholder=\"E-mail\" name=\"email\" value=\"\" aria-required=\"false\">\n<\/span><span class=\"form-telephone\"><label class=\"assistive-text\">Telefon Numaras\u0131 *<\/label><input type=\"text\" class=\"validate[required,custom[phone]]\" placeholder=\"Telefon Numaras\u0131 *\" name=\"telephone\" value=\"\" aria-required=\"true\">\n<\/span><span class=\"form-company\"><label class=\"assistive-text\">\u015eirket *<\/label><input type=\"text\" class=\"validate[required]\" placeholder=\"\u015eirket *\" name=\"company\" value=\"\" aria-required=\"true\">\n<\/span><\/div><p><a href=\"#\" class=\"dt-btn dt-btn-m dt-btn-submit\" rel=\"nofollow\"><span>Send Message<\/span><\/a><input class=\"assistive-text\" type=\"submit\" value=\"submit\"><\/p><\/form>\n[\/vc_column][\/vc_row]<\/p>\n","protected":false},"excerpt":{"rendered":"<p>[vc_row css=&#8221;. vc_custom_1607178288815 {padding-bottom: 10px! important;}&#8221;][vc_column width=&#8221;1\/2&#8243;][vc_column_text]<!-- \/wp:paragraph --><\/p>\n<p>Logo designs, which will be the identity of your company, always take you to the forefront one more step. In t&#8230;<\/p>\n","protected":false},"author":1,"featured_media":0,"parent":0,"menu_order":0,"comment_status":"closed","ping_status":"closed","template":"","meta":{"content-type":""},"yoast_head":"<!-- This site is optimized with the Yoast SEO plugin v19.3 - https:\/\/yoast.com\/wordpress\/plugins\/seo\/ -->\n<title>Logo Design<\/title>\n<meta name=\"description\" content=\"[vc_row css=&quot;. vc_custom_1607178288815 {padding-bottom: 10px! important;}&quot;][vc_column width=&quot;1\/2&quot;][vc_column_text]\r\n\r\nLogo designs, which will be the identity of your company, always take you to the forefront one more step. In t...\" \/>\n<meta name=\"robots\" content=\"index, follow, max-snippet:-1, max-image-preview:large, max-video-preview:-1\" \/>\n<link rel=\"canonical\" href=\"https:\/\/eski.webadresim.com.tr\/logo-tasarimi\/\" \/>\n<meta property=\"og:locale\" content=\"tr_TR\" \/>\n<meta property=\"og:type\" content=\"article\" \/>\n<meta property=\"og:title\" content=\"Logo Design\" \/>\n<meta property=\"og:description\" content=\"[vc_row css=&quot;. vc_custom_1607178288815 {padding-bottom: 10px! important;}&quot;][vc_column width=&quot;1\/2&quot;][vc_column_text]\r\n\r\nLogo designs, which will be the identity of your company, always take you to the forefront one more step. In t...\" \/>\n<meta property=\"og:url\" content=\"https:\/\/eski.webadresim.com.tr\/logo-tasarimi\/\" \/>\n<meta property=\"og:site_name\" content=\"Web Adresim \u0130nternet Hizmetleri Ve Reklamc\u0131l\u0131k\" \/>\n<meta property=\"article:modified_time\" content=\"2021-09-28T15:01:47+00:00\" \/>\n<meta name=\"twitter:card\" content=\"summary_large_image\" \/>\n<meta name=\"twitter:label1\" content=\"Tahmini okuma s\u00fcresi\" \/>\n\t<meta name=\"twitter:data1\" content=\"2 dakika\" \/>\n<script type=\"application\/ld+json\" class=\"yoast-schema-graph\">{\"@context\":\"https:\/\/schema.org\",\"@graph\":[{\"@type\":\"WebSite\",\"@id\":\"https:\/\/eski.webadresim.com.tr\/#website\",\"url\":\"https:\/\/eski.webadresim.com.tr\/\",\"name\":\"Web Adresim \u0130nternet Hizmetleri Ve Reklamc\u0131l\u0131k\",\"description\":\"Zirveye Uzanan &Ccedil;izgi...\",\"potentialAction\":[{\"@type\":\"SearchAction\",\"target\":{\"@type\":\"EntryPoint\",\"urlTemplate\":\"https:\/\/eski.webadresim.com.tr\/?s={search_term_string}\"},\"query-input\":\"required name=search_term_string\"}],\"inLanguage\":\"tr\"},{\"@type\":\"WebPage\",\"@id\":\"https:\/\/eski.webadresim.com.tr\/logo-tasarimi\/\",\"url\":\"https:\/\/eski.webadresim.com.tr\/logo-tasarimi\/\",\"name\":\"Logo Tasar\u0131m\u0131 - Web Adresim \u0130nternet Hizmetleri Ve Reklamc\u0131l\u0131k\",\"isPartOf\":{\"@id\":\"https:\/\/eski.webadresim.com.tr\/#website\"},\"datePublished\":\"2020-12-06T19:53:27+00:00\",\"dateModified\":\"2021-09-28T15:01:47+00:00\",\"breadcrumb\":{\"@id\":\"https:\/\/eski.webadresim.com.tr\/logo-tasarimi\/#breadcrumb\"},\"inLanguage\":\"tr\",\"potentialAction\":[{\"@type\":\"ReadAction\",\"target\":[\"https:\/\/eski.webadresim.com.tr\/logo-tasarimi\/\"]}]},{\"@type\":\"BreadcrumbList\",\"@id\":\"https:\/\/eski.webadresim.com.tr\/logo-tasarimi\/#breadcrumb\",\"itemListElement\":[{\"@type\":\"ListItem\",\"position\":1,\"name\":\"Ana sayfa\",\"item\":\"https:\/\/eski.webadresim.com.tr\/\"},{\"@type\":\"ListItem\",\"position\":2,\"name\":\"Logo Tasar\u0131m\u0131\"}]}]}<\/script>\n<!-- \/ Yoast SEO plugin. -->","yoast_head_json":{"title":"Logo Design","description":"[vc_row css=\". vc_custom_1607178288815 {padding-bottom: 10px! important;}\"][vc_column width=\"1\/2\"][vc_column_text]\r\n\r\nLogo designs, which will be the identity of your company, always take you to the forefront one more step. In t...","robots":{"index":"index","follow":"follow","max-snippet":"max-snippet:-1","max-image-preview":"max-image-preview:large","max-video-preview":"max-video-preview:-1"},"canonical":"https:\/\/eski.webadresim.com.tr\/logo-tasarimi\/","og_locale":"tr_TR","og_type":"article","og_title":"Logo Design","og_description":"[vc_row css=\". vc_custom_1607178288815 {padding-bottom: 10px! important;}\"][vc_column width=\"1\/2\"][vc_column_text]\r\n\r\nLogo designs, which will be the identity of your company, always take you to the forefront one more step. In t...","og_url":"https:\/\/eski.webadresim.com.tr\/logo-tasarimi\/","og_site_name":"Web Adresim \u0130nternet Hizmetleri Ve Reklamc\u0131l\u0131k","article_modified_time":"2021-09-28T15:01:47+00:00","twitter_card":"summary_large_image","twitter_misc":{"Tahmini okuma s\u00fcresi":"2 dakika"},"schema":{"@context":"https:\/\/schema.org","@graph":[{"@type":"WebSite","@id":"https:\/\/eski.webadresim.com.tr\/#website","url":"https:\/\/eski.webadresim.com.tr\/","name":"Web Adresim \u0130nternet Hizmetleri Ve Reklamc\u0131l\u0131k","description":"Zirveye Uzanan &Ccedil;izgi...","potentialAction":[{"@type":"SearchAction","target":{"@type":"EntryPoint","urlTemplate":"https:\/\/eski.webadresim.com.tr\/?s={search_term_string}"},"query-input":"required name=search_term_string"}],"inLanguage":"tr"},{"@type":"WebPage","@id":"https:\/\/eski.webadresim.com.tr\/logo-tasarimi\/","url":"https:\/\/eski.webadresim.com.tr\/logo-tasarimi\/","name":"Logo Tasar\u0131m\u0131 - Web Adresim \u0130nternet Hizmetleri Ve Reklamc\u0131l\u0131k","isPartOf":{"@id":"https:\/\/eski.webadresim.com.tr\/#website"},"datePublished":"2020-12-06T19:53:27+00:00","dateModified":"2021-09-28T15:01:47+00:00","breadcrumb":{"@id":"https:\/\/eski.webadresim.com.tr\/logo-tasarimi\/#breadcrumb"},"inLanguage":"tr","potentialAction":[{"@type":"ReadAction","target":["https:\/\/eski.webadresim.com.tr\/logo-tasarimi\/"]}]},{"@type":"BreadcrumbList","@id":"https:\/\/eski.webadresim.com.tr\/logo-tasarimi\/#breadcrumb","itemListElement":[{"@type":"ListItem","position":1,"name":"Ana sayfa","item":"https:\/\/eski.webadresim.com.tr\/"},{"@type":"ListItem","position":2,"name":"Logo Tasar\u0131m\u0131"}]}]}},"_links":{"self":[{"href":"https:\/\/eski.webadresim.com.tr\/wp-json\/wp\/v2\/pages\/57284"}],"collection":[{"href":"https:\/\/eski.webadresim.com.tr\/wp-json\/wp\/v2\/pages"}],"about":[{"href":"https:\/\/eski.webadresim.com.tr\/wp-json\/wp\/v2\/types\/page"}],"author":[{"embeddable":true,"href":"https:\/\/eski.webadresim.com.tr\/wp-json\/wp\/v2\/users\/1"}],"replies":[{"embeddable":true,"href":"https:\/\/eski.webadresim.com.tr\/wp-json\/wp\/v2\/comments?post=57284"}],"version-history":[{"count":15,"href":"https:\/\/eski.webadresim.com.tr\/wp-json\/wp\/v2\/pages\/57284\/revisions"}],"predecessor-version":[{"id":57801,"href":"https:\/\/eski.webadresim.com.tr\/wp-json\/wp\/v2\/pages\/57284\/revisions\/57801"}],"wp:attachment":[{"href":"https:\/\/eski.webadresim.com.tr\/wp-json\/wp\/v2\/media?parent=57284"}],"curies":[{"name":"wp","href":"https:\/\/api.w.org\/{rel}","templated":true}]}}