{"id":57295,"date":"2020-12-06T20:03:10","date_gmt":"2020-12-06T20:03:10","guid":{"rendered":"https:\/\/eski.webadresim.com.tr\/?page_id=57295"},"modified":"2021-09-28T14:54:48","modified_gmt":"2021-09-28T14:54:48","slug":"kurumsal-kimlik","status":"publish","type":"page","link":"https:\/\/eski.webadresim.com.tr\/en_US\/kurumsal-kimlik\/","title":{"rendered":"Corporate Identity"},"content":{"rendered":"<p>[vc_row css=&#8221;. vc_custom_1607178288815 {padding-bottom: 10px! important;}&#8221;][vc_column width=&#8221;1\/2&#8243;][vc_column_text]<!-- \/wp:paragraph --><\/p>\n<p>Corporate identity is the most important element in the branding process of companies. Corporate identity designs, which can be expressed as the most basic design of an institution or business, are the designs that make the first impression in the eyes of your target audience. Therefore, it is extremely important that the studies are professional and in harmony with the image of your company. The fact that corporate identity designs are suitable for the image of your company is the biggest helper of your company in the branding process. It is possible to brand with independent and incompatible communication studies and to gain a place in the minds of customers.<\/p>\n<p>Therefore, you can prepare your company&#8217;s corporate identity design with professional support. As Web Adresim, we know how important corporate identity designs are fit for companies and we offer our work in this direction.[\/vc_column_text][\/vc_column][vc_column width=&#8221;1\/2&#8243;][vc_single_image image=&#8221;57298&#8243; img_size=&#8221;full&#8221;][\/vc_column][\/vc_row][vc_row css=&#8221;.vc_custom_1618399650404{padding-top: 75px !important;padding-bottom: 75px !important;}&#8221;][vc_column][vc_column_text]<\/p>\n<h3 style=\"text-align: center;\"><strong>The Importance of Corporate Identity Design<\/strong><\/h3>\n<p>[\/vc_column_text][vc_column_text]<\/p>\n<p style=\"text-align: center;\">Today, there are tens or even hundreds of brands and companies that offer the same product or service. Therefore, we can easily state that the competition in the market is extremely high. So, how can your company stand out in this competitive environment? Of course, it has professional, compatible with other marketing activities with corporate identity designs. However, it is worth noting that corporate identity design alone will not be enough in this competitive environment. All marketing work is important as a whole and all must be carried out in an integrated way.<\/p>\n<p style=\"text-align: center;\">At this point, it is necessary to be extremely careful when preparing corporate identity design. For example, if your company has a dynamic and fun image and offers its services in this way, all corporate identity studies need to evoke dynamic and fun feelings in consumers. When you can&#8217;t give this feeling in a social media study you have prepared, your loss will not be great. However, when there is the same mistake in corporate identity studies, it is extremely difficult to return.<\/p>\n<p>\u00a0[\/vc_column_text][\/vc_column][\/vc_row][vc_row css=&#8221;.vc_custom_1618399654814{padding-bottom: 75px !important;}&#8221;][vc_column width=&#8221;1\/2&#8243;][vc_single_image image=&#8221;57301&#8243; img_size=&#8221;large&#8221;][\/vc_column][vc_column width=&#8221;1\/2&#8243;][vc_column_text]<\/p>\n<ul>\n<li>Corporate identity is the most important supporter of a company in the branding process. Companies can achieve success with accurate and professional designs.<\/li>\n<li>With these designs, corporate perception can be strengthened. With the professional and accurate preparation of designs, the image of a corporate company can be created in the eyes of consumers.<\/li>\n<li>Corporate identity studies are the identity of institutions. Just as people&#8217;s birth certificates are the most important criterion for us to recognize them and separate them from others, the identity studies of companies are also of same importance.<\/li>\n<li>Professional and accurate corporate identity studies allow companies to diverge from their competitors and take a step forward.<\/li>\n<li>These designs help organizations create their own identities and continue their marketing efforts from a single point in line with the identity created.<\/li>\n<li>Various corporate identity studies also strengthen the ties of companies with their target audiences. Consumers who find a part of themselves in the organization or in the business form an emotional connection to the business.<\/li>\n<\/ul>\n<p>[\/vc_column_text][\/vc_column][\/vc_row][vc_row css=&#8221;.vc_custom_1618399675965{padding-bottom: 75px !important;}&#8221;][vc_column][vc_column_text css_animation=&#8221;pulse&#8221;]<!-- \/wp:paragraph --><\/p>\n<div class=\"av-special-heading av-special-heading-h3 custom-color-heading avia-builder-el-16 el_before_av_textblock avia-builder-el-first text-right\">\n<div class=\"av-special-heading av-special-heading-h3 custom-color-heading avia-builder-el-20 el_before_av_textblock avia-builder-el-first w900\">\n<div class=\"av-special-heading av-special-heading-h3 custom-color-heading avia-builder-el-52 el_before_av_textblock avia-builder-el-first text-right\">\n<div class=\"av-special-heading av-special-heading-h2 custom-color-heading avia-builder-el-28 el_before_av_textblock avia-builder-el-first text-right\">\n<h2 style=\"text-align: center;\"><strong>Web Adresim, The Line to the Top&#8230;<\/strong><\/h2>\n<\/div>\n<\/div>\n<\/div>\n<\/div>\n<p>[\/vc_column_text][\/vc_column][\/vc_row][vc_row][vc_column][vc_column_text css=&#8221;.vc_custom_1632840856680{padding-bottom: 75px !important;}&#8221;]<\/p>\n<h3><strong>Share Your Project, Let&#8217;s Design Your Dream!<\/strong><\/h3>\n<p>[\/vc_column_text]<form class=\"dt-contact-form dt-form\" method=\"post\"><input type=\"hidden\" name=\"widget_id\" value=\"presscore-contact-form-widget--1\" \/><input type=\"hidden\" name=\"send_message\" value=\"\" \/><input type=\"hidden\" name=\"security_token\" value=\"20ab4460ff9fdadb70a8\"\/><div class=\"form-fields\"><span class=\"form-name\"><label class=\"assistive-text\">Ad - Soyad *<\/label><input type=\"text\" class=\"validate[required]\" placeholder=\"Ad - Soyad *\" name=\"name\" value=\"\" aria-required=\"true\">\n<\/span><span class=\"form-mail\"><label class=\"assistive-text\">E-mail<\/label><input type=\"text\" placeholder=\"E-mail\" name=\"email\" value=\"\" aria-required=\"false\">\n<\/span><span class=\"form-telephone\"><label class=\"assistive-text\">Telefon Numaras\u0131 *<\/label><input type=\"text\" class=\"validate[required,custom[phone]]\" placeholder=\"Telefon Numaras\u0131 *\" name=\"telephone\" value=\"\" aria-required=\"true\">\n<\/span><span class=\"form-company\"><label class=\"assistive-text\">\u015eirket *<\/label><input type=\"text\" class=\"validate[required]\" placeholder=\"\u015eirket *\" name=\"company\" value=\"\" aria-required=\"true\">\n<\/span><\/div><p><a href=\"#\" class=\"dt-btn dt-btn-m dt-btn-submit\" rel=\"nofollow\"><span>Send Message<\/span><\/a><input class=\"assistive-text\" type=\"submit\" value=\"submit\"><\/p><\/form>\n[\/vc_column][\/vc_row]<\/p>\n","protected":false},"excerpt":{"rendered":"<p>[vc_row css=&#8221;. vc_custom_1607178288815 {padding-bottom: 10px! important;}&#8221;][vc_column width=&#8221;1\/2&#8243;][vc_column_text]<!-- \/wp:paragraph --><\/p>\n<p>Corporate identity is the most important element in the branding process of companies. Corporate identity desi&#8230;<\/p>\n","protected":false},"author":1,"featured_media":0,"parent":0,"menu_order":0,"comment_status":"closed","ping_status":"closed","template":"","meta":{"content-type":""},"yoast_head":"<!-- This site is optimized with the Yoast SEO plugin v19.3 - https:\/\/yoast.com\/wordpress\/plugins\/seo\/ -->\n<title>Corporate Identity<\/title>\n<meta name=\"description\" content=\"[vc_row css=&quot;. vc_custom_1607178288815 {padding-bottom: 10px! important;}&quot;][vc_column width=&quot;1\/2&quot;][vc_column_text]\r\n\r\nCorporate identity is the most important element in the branding process of companies. Corporate identity desi...\" \/>\n<meta name=\"robots\" content=\"index, follow, max-snippet:-1, max-image-preview:large, max-video-preview:-1\" \/>\n<link rel=\"canonical\" href=\"https:\/\/eski.webadresim.com.tr\/kurumsal-kimlik\/\" \/>\n<meta property=\"og:locale\" content=\"tr_TR\" \/>\n<meta property=\"og:type\" content=\"article\" \/>\n<meta property=\"og:title\" content=\"Corporate Identity\" \/>\n<meta property=\"og:description\" content=\"[vc_row css=&quot;. vc_custom_1607178288815 {padding-bottom: 10px! important;}&quot;][vc_column width=&quot;1\/2&quot;][vc_column_text]\r\n\r\nCorporate identity is the most important element in the branding process of companies. Corporate identity desi...\" \/>\n<meta property=\"og:url\" content=\"https:\/\/eski.webadresim.com.tr\/kurumsal-kimlik\/\" \/>\n<meta property=\"og:site_name\" content=\"Web Adresim \u0130nternet Hizmetleri Ve Reklamc\u0131l\u0131k\" \/>\n<meta property=\"article:modified_time\" content=\"2021-09-28T14:54:48+00:00\" \/>\n<meta name=\"twitter:card\" content=\"summary_large_image\" \/>\n<meta name=\"twitter:label1\" content=\"Tahmini okuma s\u00fcresi\" \/>\n\t<meta name=\"twitter:data1\" content=\"3 dakika\" \/>\n<script type=\"application\/ld+json\" class=\"yoast-schema-graph\">{\"@context\":\"https:\/\/schema.org\",\"@graph\":[{\"@type\":\"WebSite\",\"@id\":\"https:\/\/eski.webadresim.com.tr\/#website\",\"url\":\"https:\/\/eski.webadresim.com.tr\/\",\"name\":\"Web Adresim \u0130nternet Hizmetleri Ve Reklamc\u0131l\u0131k\",\"description\":\"Zirveye Uzanan &Ccedil;izgi...\",\"potentialAction\":[{\"@type\":\"SearchAction\",\"target\":{\"@type\":\"EntryPoint\",\"urlTemplate\":\"https:\/\/eski.webadresim.com.tr\/?s={search_term_string}\"},\"query-input\":\"required name=search_term_string\"}],\"inLanguage\":\"tr\"},{\"@type\":\"WebPage\",\"@id\":\"https:\/\/eski.webadresim.com.tr\/kurumsal-kimlik\/\",\"url\":\"https:\/\/eski.webadresim.com.tr\/kurumsal-kimlik\/\",\"name\":\"Kurumsal Kimlik - Web Adresim \u0130nternet Hizmetleri Ve Reklamc\u0131l\u0131k\",\"isPartOf\":{\"@id\":\"https:\/\/eski.webadresim.com.tr\/#website\"},\"datePublished\":\"2020-12-06T20:03:10+00:00\",\"dateModified\":\"2021-09-28T14:54:48+00:00\",\"breadcrumb\":{\"@id\":\"https:\/\/eski.webadresim.com.tr\/kurumsal-kimlik\/#breadcrumb\"},\"inLanguage\":\"tr\",\"potentialAction\":[{\"@type\":\"ReadAction\",\"target\":[\"https:\/\/eski.webadresim.com.tr\/kurumsal-kimlik\/\"]}]},{\"@type\":\"BreadcrumbList\",\"@id\":\"https:\/\/eski.webadresim.com.tr\/kurumsal-kimlik\/#breadcrumb\",\"itemListElement\":[{\"@type\":\"ListItem\",\"position\":1,\"name\":\"Ana sayfa\",\"item\":\"https:\/\/eski.webadresim.com.tr\/\"},{\"@type\":\"ListItem\",\"position\":2,\"name\":\"Kurumsal Kimlik\"}]}]}<\/script>\n<!-- \/ Yoast SEO plugin. -->","yoast_head_json":{"title":"Corporate Identity","description":"[vc_row css=\". vc_custom_1607178288815 {padding-bottom: 10px! important;}\"][vc_column width=\"1\/2\"][vc_column_text]\r\n\r\nCorporate identity is the most important element in the branding process of companies. Corporate identity desi...","robots":{"index":"index","follow":"follow","max-snippet":"max-snippet:-1","max-image-preview":"max-image-preview:large","max-video-preview":"max-video-preview:-1"},"canonical":"https:\/\/eski.webadresim.com.tr\/kurumsal-kimlik\/","og_locale":"tr_TR","og_type":"article","og_title":"Corporate Identity","og_description":"[vc_row css=\". vc_custom_1607178288815 {padding-bottom: 10px! important;}\"][vc_column width=\"1\/2\"][vc_column_text]\r\n\r\nCorporate identity is the most important element in the branding process of companies. Corporate identity desi...","og_url":"https:\/\/eski.webadresim.com.tr\/kurumsal-kimlik\/","og_site_name":"Web Adresim \u0130nternet Hizmetleri Ve Reklamc\u0131l\u0131k","article_modified_time":"2021-09-28T14:54:48+00:00","twitter_card":"summary_large_image","twitter_misc":{"Tahmini okuma s\u00fcresi":"3 dakika"},"schema":{"@context":"https:\/\/schema.org","@graph":[{"@type":"WebSite","@id":"https:\/\/eski.webadresim.com.tr\/#website","url":"https:\/\/eski.webadresim.com.tr\/","name":"Web Adresim \u0130nternet Hizmetleri Ve Reklamc\u0131l\u0131k","description":"Zirveye Uzanan &Ccedil;izgi...","potentialAction":[{"@type":"SearchAction","target":{"@type":"EntryPoint","urlTemplate":"https:\/\/eski.webadresim.com.tr\/?s={search_term_string}"},"query-input":"required name=search_term_string"}],"inLanguage":"tr"},{"@type":"WebPage","@id":"https:\/\/eski.webadresim.com.tr\/kurumsal-kimlik\/","url":"https:\/\/eski.webadresim.com.tr\/kurumsal-kimlik\/","name":"Kurumsal Kimlik - Web Adresim \u0130nternet Hizmetleri Ve Reklamc\u0131l\u0131k","isPartOf":{"@id":"https:\/\/eski.webadresim.com.tr\/#website"},"datePublished":"2020-12-06T20:03:10+00:00","dateModified":"2021-09-28T14:54:48+00:00","breadcrumb":{"@id":"https:\/\/eski.webadresim.com.tr\/kurumsal-kimlik\/#breadcrumb"},"inLanguage":"tr","potentialAction":[{"@type":"ReadAction","target":["https:\/\/eski.webadresim.com.tr\/kurumsal-kimlik\/"]}]},{"@type":"BreadcrumbList","@id":"https:\/\/eski.webadresim.com.tr\/kurumsal-kimlik\/#breadcrumb","itemListElement":[{"@type":"ListItem","position":1,"name":"Ana sayfa","item":"https:\/\/eski.webadresim.com.tr\/"},{"@type":"ListItem","position":2,"name":"Kurumsal Kimlik"}]}]}},"_links":{"self":[{"href":"https:\/\/eski.webadresim.com.tr\/wp-json\/wp\/v2\/pages\/57295"}],"collection":[{"href":"https:\/\/eski.webadresim.com.tr\/wp-json\/wp\/v2\/pages"}],"about":[{"href":"https:\/\/eski.webadresim.com.tr\/wp-json\/wp\/v2\/types\/page"}],"author":[{"embeddable":true,"href":"https:\/\/eski.webadresim.com.tr\/wp-json\/wp\/v2\/users\/1"}],"replies":[{"embeddable":true,"href":"https:\/\/eski.webadresim.com.tr\/wp-json\/wp\/v2\/comments?post=57295"}],"version-history":[{"count":11,"href":"https:\/\/eski.webadresim.com.tr\/wp-json\/wp\/v2\/pages\/57295\/revisions"}],"predecessor-version":[{"id":57797,"href":"https:\/\/eski.webadresim.com.tr\/wp-json\/wp\/v2\/pages\/57295\/revisions\/57797"}],"wp:attachment":[{"href":"https:\/\/eski.webadresim.com.tr\/wp-json\/wp\/v2\/media?parent=57295"}],"curies":[{"name":"wp","href":"https:\/\/api.w.org\/{rel}","templated":true}]}}